{"id":719,"date":"2023-01-01T18:06:52","date_gmt":"2023-01-01T18:06:52","guid":{"rendered":"https:\/\/dev.serhshotels.com\/nosaltres\/"},"modified":"2026-02-23T21:08:55","modified_gmt":"2026-02-23T21:08:55","slug":"nosaltres","status":"publish","type":"page","link":"https:\/\/www.serhshotels.com\/pt-br\/nosaltres\/","title":{"rendered":"N\u00f3s"},"content":{"rendered":"\n<p class=\"has-text-align-center titulo-contacta-con-nosotros\">N\u00f3s<\/p>\n\n\n\n<p>Desde uma escapadela em fam\u00edlia a Vilars Rurais, a um fim-de-semana cultural em Barcelona ou a umas f\u00e9rias num resort de praia: viva a sua experi\u00eancia com os Hot\u00e9is SERHS.<\/p>\n\n\n\n<p>Com presen\u00e7a na Catalunha e no Brasil, a SERHS Hotels oferece oito estabelecimentos hoteleiros pensados \u200b\u200bpara que as f\u00e9rias, as escapadelas e as celebra\u00e7\u00f5es se transformem em momentos cheios de vida.<\/p>\n\n\n\n<p>Al\u00e9m disso, oferecemos nossa expertise e facilidades para empresas, entidades e pessoas f\u00edsicas que buscam um ambiente especial para realizar suas reuni\u00f5es e eventos. Mais de 50 anos de experi\u00eancia no setor de hotelaria e turismo nos ap\u00f3iam.<\/p>\n\n\n\n<p>Reserve no site oficial dos Hot\u00e9is SERHS e usufrua das melhores vantagens.<\/p>\n","protected":false},"excerpt":{"rendered":"<p>N\u00f3s Desde uma escapadela em fam\u00edlia a Vilars Rurais, a um fim-de-semana cultural em Barcelona ou a umas f\u00e9rias num resort de praia: viva a sua experi\u00eancia com os Hot\u00e9is SERHS. Com presen\u00e7a na Catalunha e no Brasil, a SERHS Hotels oferece oito estabelecimentos hoteleiros pensados \u200b\u200bpara que as f\u00e9rias, as escapadelas e as celebra\u00e7\u00f5es [&hellip;]<\/p>\n","protected":false},"author":1,"featured_media":0,"parent":0,"menu_order":0,"comment_status":"closed","ping_status":"closed","template":"","meta":{"_acf_changed":false,"footnotes":""},"class_list":["post-719","page","type-page","status-publish","hentry"],"acf":[],"yoast_head":"<!-- This site is optimized with the Yoast SEO plugin v26.3 - https:\/\/yoast.com\/wordpress\/plugins\/seo\/ -->\n<title>N\u00f3s | SERHS Hotels<\/title>\n<meta name=\"robots\" content=\"index, follow, max-snippet:-1, max-image-preview:large, max-video-preview:-1\" \/>\n<link rel=\"canonical\" href=\"https:\/\/www.serhshotels.com\/pt-br\/nosaltres\/\" \/>\n<meta property=\"og:locale\" content=\"pt_BR\" \/>\n<meta property=\"og:type\" content=\"article\" \/>\n<meta property=\"og:title\" content=\"N\u00f3s | SERHS Hotels\" \/>\n<meta property=\"og:description\" content=\"N\u00f3s Desde uma escapadela em fam\u00edlia a Vilars Rurais, a um fim-de-semana cultural em Barcelona ou a umas f\u00e9rias num resort de praia: viva a sua experi\u00eancia com os Hot\u00e9is SERHS. Com presen\u00e7a na Catalunha e no Brasil, a SERHS Hotels oferece oito estabelecimentos hoteleiros pensados \u200b\u200bpara que as f\u00e9rias, as escapadelas e as celebra\u00e7\u00f5es [&hellip;]\" \/>\n<meta property=\"og:url\" content=\"https:\/\/www.serhshotels.com\/pt-br\/nosaltres\/\" \/>\n<meta property=\"og:site_name\" content=\"SERHS Hotels\" \/>\n<meta property=\"article:publisher\" content=\"https:\/\/www.facebook.com\/hotelsserhs\/\" \/>\n<meta property=\"article:modified_time\" content=\"2026-02-23T21:08:55+00:00\" \/>\n<meta name=\"twitter:card\" content=\"summary_large_image\" \/>\n<meta name=\"twitter:label1\" content=\"Est. tempo de leitura\" \/>\n\t<meta name=\"twitter:data1\" content=\"1 minuto\" \/>\n<script type=\"application\/ld+json\" class=\"yoast-schema-graph\">{\"@context\":\"https:\/\/schema.org\",\"@graph\":[{\"@type\":\"WebPage\",\"@id\":\"https:\/\/www.serhshotels.com\/pt-br\/nosaltres\/\",\"url\":\"https:\/\/www.serhshotels.com\/pt-br\/nosaltres\/\",\"name\":\"N\u00f3s | SERHS Hotels\",\"isPartOf\":{\"@id\":\"https:\/\/www.serhshotels.com\/pt-br\/#website\"},\"datePublished\":\"2023-01-01T18:06:52+00:00\",\"dateModified\":\"2026-02-23T21:08:55+00:00\",\"breadcrumb\":{\"@id\":\"https:\/\/www.serhshotels.com\/pt-br\/nosaltres\/#breadcrumb\"},\"inLanguage\":\"pt-BR\",\"potentialAction\":[{\"@type\":\"ReadAction\",\"target\":[\"https:\/\/www.serhshotels.com\/pt-br\/nosaltres\/\"]}]},{\"@type\":\"BreadcrumbList\",\"@id\":\"https:\/\/www.serhshotels.com\/pt-br\/nosaltres\/#breadcrumb\",\"itemListElement\":[{\"@type\":\"ListItem\",\"position\":1,\"name\":\"Inici\",\"item\":\"https:\/\/www.serhshotels.com\/pt-br\/\"},{\"@type\":\"ListItem\",\"position\":2,\"name\":\"N\u00f3s\"}]},{\"@type\":\"WebSite\",\"@id\":\"https:\/\/www.serhshotels.com\/pt-br\/#website\",\"url\":\"https:\/\/www.serhshotels.com\/pt-br\/\",\"name\":\"SERHS Hotels\",\"description\":\"Moments full of happiness\",\"publisher\":{\"@id\":\"https:\/\/www.serhshotels.com\/pt-br\/#organization\"},\"potentialAction\":[{\"@type\":\"SearchAction\",\"target\":{\"@type\":\"EntryPoint\",\"urlTemplate\":\"https:\/\/www.serhshotels.com\/pt-br\/?s={search_term_string}\"},\"query-input\":{\"@type\":\"PropertyValueSpecification\",\"valueRequired\":true,\"valueName\":\"search_term_string\"}}],\"inLanguage\":\"pt-BR\"},{\"@type\":\"Organization\",\"@id\":\"https:\/\/www.serhshotels.com\/pt-br\/#organization\",\"name\":\"SERHS Hotels\",\"url\":\"https:\/\/www.serhshotels.com\/pt-br\/\",\"logo\":{\"@type\":\"ImageObject\",\"inLanguage\":\"pt-BR\",\"@id\":\"https:\/\/www.serhshotels.com\/pt-br\/#\/schema\/logo\/image\/\",\"url\":\"https:\/\/www.serhshotels.com\/wp-content\/uploads\/2023\/02\/logo-serhs-hotels.png\",\"contentUrl\":\"https:\/\/www.serhshotels.com\/wp-content\/uploads\/2023\/02\/logo-serhs-hotels.png\",\"width\":734,\"height\":250,\"caption\":\"SERHS Hotels\"},\"image\":{\"@id\":\"https:\/\/www.serhshotels.com\/pt-br\/#\/schema\/logo\/image\/\"},\"sameAs\":[\"https:\/\/www.facebook.com\/hotelsserhs\/\",\"https:\/\/www.instagram.com\/serhshotels\/\",\"https:\/\/es.linkedin.com\/company\/serhshotels\",\"https:\/\/www.youtube.com\/@serhsTV\"]}]}<\/script>\n<!-- \/ Yoast SEO plugin. -->","yoast_head_json":{"title":"N\u00f3s | SERHS Hotels","robots":{"index":"index","follow":"follow","max-snippet":"max-snippet:-1","max-image-preview":"max-image-preview:large","max-video-preview":"max-video-preview:-1"},"canonical":"https:\/\/www.serhshotels.com\/pt-br\/nosaltres\/","og_locale":"pt_BR","og_type":"article","og_title":"N\u00f3s | SERHS Hotels","og_description":"N\u00f3s Desde uma escapadela em fam\u00edlia a Vilars Rurais, a um fim-de-semana cultural em Barcelona ou a umas f\u00e9rias num resort de praia: viva a sua experi\u00eancia com os Hot\u00e9is SERHS. Com presen\u00e7a na Catalunha e no Brasil, a SERHS Hotels oferece oito estabelecimentos hoteleiros pensados \u200b\u200bpara que as f\u00e9rias, as escapadelas e as celebra\u00e7\u00f5es [&hellip;]","og_url":"https:\/\/www.serhshotels.com\/pt-br\/nosaltres\/","og_site_name":"SERHS Hotels","article_publisher":"https:\/\/www.facebook.com\/hotelsserhs\/","article_modified_time":"2026-02-23T21:08:55+00:00","twitter_card":"summary_large_image","twitter_misc":{"Est. tempo de leitura":"1 minuto"},"schema":{"@context":"https:\/\/schema.org","@graph":[{"@type":"WebPage","@id":"https:\/\/www.serhshotels.com\/pt-br\/nosaltres\/","url":"https:\/\/www.serhshotels.com\/pt-br\/nosaltres\/","name":"N\u00f3s | SERHS Hotels","isPartOf":{"@id":"https:\/\/www.serhshotels.com\/pt-br\/#website"},"datePublished":"2023-01-01T18:06:52+00:00","dateModified":"2026-02-23T21:08:55+00:00","breadcrumb":{"@id":"https:\/\/www.serhshotels.com\/pt-br\/nosaltres\/#breadcrumb"},"inLanguage":"pt-BR","potentialAction":[{"@type":"ReadAction","target":["https:\/\/www.serhshotels.com\/pt-br\/nosaltres\/"]}]},{"@type":"BreadcrumbList","@id":"https:\/\/www.serhshotels.com\/pt-br\/nosaltres\/#breadcrumb","itemListElement":[{"@type":"ListItem","position":1,"name":"Inici","item":"https:\/\/www.serhshotels.com\/pt-br\/"},{"@type":"ListItem","position":2,"name":"N\u00f3s"}]},{"@type":"WebSite","@id":"https:\/\/www.serhshotels.com\/pt-br\/#website","url":"https:\/\/www.serhshotels.com\/pt-br\/","name":"SERHS Hotels","description":"Moments full of happiness","publisher":{"@id":"https:\/\/www.serhshotels.com\/pt-br\/#organization"},"potentialAction":[{"@type":"SearchAction","target":{"@type":"EntryPoint","urlTemplate":"https:\/\/www.serhshotels.com\/pt-br\/?s={search_term_string}"},"query-input":{"@type":"PropertyValueSpecification","valueRequired":true,"valueName":"search_term_string"}}],"inLanguage":"pt-BR"},{"@type":"Organization","@id":"https:\/\/www.serhshotels.com\/pt-br\/#organization","name":"SERHS Hotels","url":"https:\/\/www.serhshotels.com\/pt-br\/","logo":{"@type":"ImageObject","inLanguage":"pt-BR","@id":"https:\/\/www.serhshotels.com\/pt-br\/#\/schema\/logo\/image\/","url":"https:\/\/www.serhshotels.com\/wp-content\/uploads\/2023\/02\/logo-serhs-hotels.png","contentUrl":"https:\/\/www.serhshotels.com\/wp-content\/uploads\/2023\/02\/logo-serhs-hotels.png","width":734,"height":250,"caption":"SERHS Hotels"},"image":{"@id":"https:\/\/www.serhshotels.com\/pt-br\/#\/schema\/logo\/image\/"},"sameAs":["https:\/\/www.facebook.com\/hotelsserhs\/","https:\/\/www.instagram.com\/serhshotels\/","https:\/\/es.linkedin.com\/company\/serhshotels","https:\/\/www.youtube.com\/@serhsTV"]}]}},"_links":{"self":[{"href":"https:\/\/www.serhshotels.com\/pt-br\/wp-json\/wp\/v2\/pages\/719","targetHints":{"allow":["GET"]}}],"collection":[{"href":"https:\/\/www.serhshotels.com\/pt-br\/wp-json\/wp\/v2\/pages"}],"about":[{"href":"https:\/\/www.serhshotels.com\/pt-br\/wp-json\/wp\/v2\/types\/page"}],"author":[{"embeddable":true,"href":"https:\/\/www.serhshotels.com\/pt-br\/wp-json\/wp\/v2\/users\/1"}],"replies":[{"embeddable":true,"href":"https:\/\/www.serhshotels.com\/pt-br\/wp-json\/wp\/v2\/comments?post=719"}],"version-history":[{"count":4,"href":"https:\/\/www.serhshotels.com\/pt-br\/wp-json\/wp\/v2\/pages\/719\/revisions"}],"predecessor-version":[{"id":5292,"href":"https:\/\/www.serhshotels.com\/pt-br\/wp-json\/wp\/v2\/pages\/719\/revisions\/5292"}],"wp:attachment":[{"href":"https:\/\/www.serhshotels.com\/pt-br\/wp-json\/wp\/v2\/media?parent=719"}],"curies":[{"name":"wp","href":"https:\/\/api.w.org\/{rel}","templated":true}]}}