{"id":660,"date":"2023-01-01T23:59:18","date_gmt":"2023-01-01T23:59:18","guid":{"rendered":"https:\/\/dev.serhshotels.com\/sostenibilitat\/"},"modified":"2025-12-16T16:10:41","modified_gmt":"2025-12-16T16:10:41","slug":"sostenibilitat","status":"publish","type":"page","link":"https:\/\/www.serhshotels.com\/pt-br\/sostenibilitat\/","title":{"rendered":"Sustentabilidade"},"content":{"rendered":"\n<p class=\"has-text-align-center titulo-contacta-con-nosotros\">Porque n\u00e3o existe planeta B<\/p>\n\n\n\n<p>No Serhs Hotels, estamos comprometidos em ser respons\u00e1veis com o nosso ambiente, adotando medidas concretas para reduzir o nosso impacto e oferecer aos nossos h\u00f3spedes uma experi\u00eancia respeitosa com a natureza. A cada dia, trabalhamos para otimizar os nossos recursos e melhorar a efici\u00eancia das nossas opera\u00e7\u00f5es, com o objetivo de reduzir continuamente a nossa pegada ecol\u00f3gica.<\/p>\n\n\n\n<p>Alinhamos-nos com os Science Based Targets (SBT), focando na redu\u00e7\u00e3o das emiss\u00f5es de carbono e adotando solu\u00e7\u00f5es sustent\u00e1veis em todos os nossos hot\u00e9is. Al\u00e9m disso, come\u00e7amos a implementar pr\u00e1ticas que nos aproximam dos 17 Objetivos de Desenvolvimento Sustent\u00e1vel (ODS), integrando esses princ\u00edpios na nossa atividade di\u00e1ria.<\/p>\n\n\n\n<p>Apostamos firmemente na economia circular, na import\u00e2ncia de usar recursos renov\u00e1veis e na necessidade de minimizar os res\u00edduos. Ao mesmo tempo, promovemos o consumo respons\u00e1vel de \u00e1gua e energia, trabalhando em solu\u00e7\u00f5es que nos permitam reduzir ao m\u00e1ximo o impacto ambiental.<\/p>\n\n\n\n<p>Cada a\u00e7\u00e3o que tomamos \u00e9 orientada para cuidar do planeta e garantir um futuro melhor para as gera\u00e7\u00f5es vindouras. No SERHS Hotels, garantimos que as nossas pr\u00e1ticas sustent\u00e1veis beneficiem n\u00e3o s\u00f3 o ambiente, mas tamb\u00e9m ofere\u00e7am aos nossos h\u00f3spedes um modelo de turismo que respeita o meio ambiente.<\/p>\n\n\n<!div class=\"imagen-sostinibilidad verDesktop\" style=\"image: url('https:\/\/www.serhshotels.com\/wp-content\/uploads\/2023\/01\/Nen-abracant-arbre-AdobeStock_265676636.jpg')\"><\/div>\n<img decoding=\"async\" class=\"imagen-sostinibilidad verDesktop\" src=\"https:\/\/www.serhshotels.com\/wp-content\/uploads\/2023\/01\/Nen-abracant-arbre-AdobeStock_265676636.jpg\">\n<img decoding=\"async\" class=\"imagen-sostinibilidad verMovil\" src=\"https:\/\/www.serhshotels.com\/wp-content\/uploads\/2023\/01\/Sostenibilitat-Hotel-SERHS-x-mobil.jpg\">\t\t<style>.imagen-sostinibilidad{\n    width: 100%;\n    height: 100%;\n    margin:0 auto;\n    margin-top: 40px;\n    margin-bottom: -6px;\n}\n.home .imagen-sostinibilidad {\n\tmargin-top: 0px;\n}<\/style>\n\t\t\n\n\n<div class=\"wp-block-cover anchura-texto\"><span aria-hidden=\"true\" class=\"wp-block-cover__background has-background-dim-100 has-background-dim\" style=\"background-color:#6b6a64\"><\/span><div class=\"wp-block-cover__inner-container is-layout-flow wp-block-cover-is-layout-flow\">\n<blockquote class=\"wp-block-quote is-layout-flow wp-block-quote-is-layout-flow\">\n<p><strong>Fontes de energia<\/strong><\/p>\n<\/blockquote>\n\n\n\n<ul class=\"wp-block-list\">\n<li>Ilumina\u00e7\u00e3o LED de baixo consumo.<\/li>\n\n\n\n<li>Sistema de combust\u00e3o com biomassa em Aldeias Rurais para funcionamento de \u00e1gua quente sanit\u00e1ria e aquecimento das instala\u00e7\u00f5es.<\/li>\n\n\n\n<li>Sensores de presen\u00e7a em todos os hot\u00e9is para reduzir o consumo de energia.<\/li>\n\n\n\n<li>Carregadores para ve\u00edculos el\u00e9tricos no estacionamento do SERHS Natal Grand Hotel &amp; Resort, promovendo a mobilidade sustent\u00e1vel.<\/li>\n<\/ul>\n\n\n\n<blockquote class=\"wp-block-quote is-layout-flow wp-block-quote-is-layout-flow\">\n<p><strong>Materiais reutiliz\u00e1veis \u200b\u200be sustent\u00e1veis<\/strong><\/p>\n<\/blockquote>\n\n\n\n<ul class=\"wp-block-list\">\n<li>Dispensadores de sabonetes com produtos e embalagens ecol\u00f3gicas.<\/li>\n\n\n\n<li>Instala\u00e7\u00e3o de dosadores de gel e xampu para reduzir o uso de embalagens. Uso de papel reciclado em todas as recep\u00e7\u00f5es para minimizar o desmatamento. Garrafas de vidro retorn\u00e1veis e copos de vidro em todos os quartos para reduzir o consumo de pl\u00e1stico.<\/li>\n<\/ul>\n\n\n\n<blockquote class=\"wp-block-quote is-layout-flow wp-block-quote-is-layout-flow\">\n<p><strong>A\u00e7\u00f5es<\/strong><\/p>\n<\/blockquote>\n\n\n\n<ul class=\"wp-block-list\">\n<li>Iniciativa de n\u00e3o trocar as toalhas diariamente para reduzir a pegada de carbono que representa.<\/li>\n\n\n\n<li>Fornecedores locais.<\/li>\n\n\n\n<li>Aquisi\u00e7\u00e3o de produtos frescos e naturais.<\/li>\n\n\n\n<li>Evitamos comprar em por\u00e7\u00f5es para reduzir o excesso de embalagem.<\/li>\n\n\n\n<li>Controle e separa\u00e7\u00e3o de res\u00edduos por categoria.<\/li>\n<\/ul>\n\n\n\n<blockquote class=\"wp-block-quote is-layout-flow wp-block-quote-is-layout-flow\">\n<p><strong>Compromisso com a sustentabilidade<\/strong><\/p>\n<\/blockquote>\n\n\n\n<p>O Hotel Serhs Rivoli Rambla, o Hotel Serhs do Port e o Serhs Carlit Boutique Hotel obtiveram a certifica\u00e7\u00e3o Biosphere, reafirmando seu compromisso com um modelo de turismo respons\u00e1vel e sustent\u00e1vel. Descubra mais sobre nosso compromisso <a href=\"https:\/\/www.hotelserhsrivolirambla.com\/downloads\/engsostenibilitat.pdf\">aqui.<\/a><br><\/p>\n<\/div><\/div>\n\n\n\n<p><\/p>\n","protected":false},"excerpt":{"rendered":"<p>Porque n\u00e3o existe planeta B No Serhs Hotels, estamos comprometidos em ser respons\u00e1veis com o nosso ambiente, adotando medidas concretas para reduzir o nosso impacto e oferecer aos nossos h\u00f3spedes uma experi\u00eancia respeitosa com a natureza. A cada dia, trabalhamos para otimizar os nossos recursos e melhorar a efici\u00eancia das nossas opera\u00e7\u00f5es, com o objetivo [&hellip;]<\/p>\n","protected":false},"author":1,"featured_media":0,"parent":0,"menu_order":0,"comment_status":"closed","ping_status":"closed","template":"","meta":{"_acf_changed":false,"footnotes":""},"class_list":["post-660","page","type-page","status-publish","hentry"],"acf":[],"yoast_head":"<!-- This site is optimized with the Yoast SEO plugin v26.3 - https:\/\/yoast.com\/wordpress\/plugins\/seo\/ -->\n<title>Sustentabilidade | SERHS Hotels<\/title>\n<meta name=\"robots\" content=\"index, follow, max-snippet:-1, max-image-preview:large, max-video-preview:-1\" \/>\n<link rel=\"canonical\" href=\"https:\/\/www.serhshotels.com\/pt-br\/sostenibilitat\/\" \/>\n<meta property=\"og:locale\" content=\"pt_BR\" \/>\n<meta property=\"og:type\" content=\"article\" \/>\n<meta property=\"og:title\" content=\"Sustentabilidade | SERHS Hotels\" \/>\n<meta property=\"og:description\" content=\"Porque n\u00e3o existe planeta B No Serhs Hotels, estamos comprometidos em ser respons\u00e1veis com o nosso ambiente, adotando medidas concretas para reduzir o nosso impacto e oferecer aos nossos h\u00f3spedes uma experi\u00eancia respeitosa com a natureza. A cada dia, trabalhamos para otimizar os nossos recursos e melhorar a efici\u00eancia das nossas opera\u00e7\u00f5es, com o objetivo [&hellip;]\" \/>\n<meta property=\"og:url\" content=\"https:\/\/www.serhshotels.com\/pt-br\/sostenibilitat\/\" \/>\n<meta property=\"og:site_name\" content=\"SERHS Hotels\" \/>\n<meta property=\"article:publisher\" content=\"https:\/\/www.facebook.com\/hotelsserhs\/\" \/>\n<meta property=\"article:modified_time\" content=\"2025-12-16T16:10:41+00:00\" \/>\n<meta name=\"twitter:card\" content=\"summary_large_image\" \/>\n<script type=\"application\/ld+json\" class=\"yoast-schema-graph\">{\"@context\":\"https:\/\/schema.org\",\"@graph\":[{\"@type\":\"WebPage\",\"@id\":\"https:\/\/www.serhshotels.com\/pt-br\/sostenibilitat\/\",\"url\":\"https:\/\/www.serhshotels.com\/pt-br\/sostenibilitat\/\",\"name\":\"Sustentabilidade | SERHS Hotels\",\"isPartOf\":{\"@id\":\"https:\/\/www.serhshotels.com\/pt-br\/#website\"},\"datePublished\":\"2023-01-01T23:59:18+00:00\",\"dateModified\":\"2025-12-16T16:10:41+00:00\",\"breadcrumb\":{\"@id\":\"https:\/\/www.serhshotels.com\/pt-br\/sostenibilitat\/#breadcrumb\"},\"inLanguage\":\"pt-BR\",\"potentialAction\":[{\"@type\":\"ReadAction\",\"target\":[\"https:\/\/www.serhshotels.com\/pt-br\/sostenibilitat\/\"]}]},{\"@type\":\"BreadcrumbList\",\"@id\":\"https:\/\/www.serhshotels.com\/pt-br\/sostenibilitat\/#breadcrumb\",\"itemListElement\":[{\"@type\":\"ListItem\",\"position\":1,\"name\":\"Inici\",\"item\":\"https:\/\/www.serhshotels.com\/pt-br\/\"},{\"@type\":\"ListItem\",\"position\":2,\"name\":\"Sustentabilidade\"}]},{\"@type\":\"WebSite\",\"@id\":\"https:\/\/www.serhshotels.com\/pt-br\/#website\",\"url\":\"https:\/\/www.serhshotels.com\/pt-br\/\",\"name\":\"SERHS Hotels\",\"description\":\"Moments full of happiness\",\"publisher\":{\"@id\":\"https:\/\/www.serhshotels.com\/pt-br\/#organization\"},\"potentialAction\":[{\"@type\":\"SearchAction\",\"target\":{\"@type\":\"EntryPoint\",\"urlTemplate\":\"https:\/\/www.serhshotels.com\/pt-br\/?s={search_term_string}\"},\"query-input\":{\"@type\":\"PropertyValueSpecification\",\"valueRequired\":true,\"valueName\":\"search_term_string\"}}],\"inLanguage\":\"pt-BR\"},{\"@type\":\"Organization\",\"@id\":\"https:\/\/www.serhshotels.com\/pt-br\/#organization\",\"name\":\"SERHS Hotels\",\"url\":\"https:\/\/www.serhshotels.com\/pt-br\/\",\"logo\":{\"@type\":\"ImageObject\",\"inLanguage\":\"pt-BR\",\"@id\":\"https:\/\/www.serhshotels.com\/pt-br\/#\/schema\/logo\/image\/\",\"url\":\"https:\/\/www.serhshotels.com\/wp-content\/uploads\/2023\/02\/logo-serhs-hotels.png\",\"contentUrl\":\"https:\/\/www.serhshotels.com\/wp-content\/uploads\/2023\/02\/logo-serhs-hotels.png\",\"width\":734,\"height\":250,\"caption\":\"SERHS Hotels\"},\"image\":{\"@id\":\"https:\/\/www.serhshotels.com\/pt-br\/#\/schema\/logo\/image\/\"},\"sameAs\":[\"https:\/\/www.facebook.com\/hotelsserhs\/\",\"https:\/\/www.instagram.com\/serhshotels\/\",\"https:\/\/es.linkedin.com\/company\/serhshotels\",\"https:\/\/www.youtube.com\/@serhsTV\"]}]}<\/script>\n<!-- \/ Yoast SEO plugin. -->","yoast_head_json":{"title":"Sustentabilidade | SERHS Hotels","robots":{"index":"index","follow":"follow","max-snippet":"max-snippet:-1","max-image-preview":"max-image-preview:large","max-video-preview":"max-video-preview:-1"},"canonical":"https:\/\/www.serhshotels.com\/pt-br\/sostenibilitat\/","og_locale":"pt_BR","og_type":"article","og_title":"Sustentabilidade | SERHS Hotels","og_description":"Porque n\u00e3o existe planeta B No Serhs Hotels, estamos comprometidos em ser respons\u00e1veis com o nosso ambiente, adotando medidas concretas para reduzir o nosso impacto e oferecer aos nossos h\u00f3spedes uma experi\u00eancia respeitosa com a natureza. A cada dia, trabalhamos para otimizar os nossos recursos e melhorar a efici\u00eancia das nossas opera\u00e7\u00f5es, com o objetivo [&hellip;]","og_url":"https:\/\/www.serhshotels.com\/pt-br\/sostenibilitat\/","og_site_name":"SERHS Hotels","article_publisher":"https:\/\/www.facebook.com\/hotelsserhs\/","article_modified_time":"2025-12-16T16:10:41+00:00","twitter_card":"summary_large_image","schema":{"@context":"https:\/\/schema.org","@graph":[{"@type":"WebPage","@id":"https:\/\/www.serhshotels.com\/pt-br\/sostenibilitat\/","url":"https:\/\/www.serhshotels.com\/pt-br\/sostenibilitat\/","name":"Sustentabilidade | SERHS Hotels","isPartOf":{"@id":"https:\/\/www.serhshotels.com\/pt-br\/#website"},"datePublished":"2023-01-01T23:59:18+00:00","dateModified":"2025-12-16T16:10:41+00:00","breadcrumb":{"@id":"https:\/\/www.serhshotels.com\/pt-br\/sostenibilitat\/#breadcrumb"},"inLanguage":"pt-BR","potentialAction":[{"@type":"ReadAction","target":["https:\/\/www.serhshotels.com\/pt-br\/sostenibilitat\/"]}]},{"@type":"BreadcrumbList","@id":"https:\/\/www.serhshotels.com\/pt-br\/sostenibilitat\/#breadcrumb","itemListElement":[{"@type":"ListItem","position":1,"name":"Inici","item":"https:\/\/www.serhshotels.com\/pt-br\/"},{"@type":"ListItem","position":2,"name":"Sustentabilidade"}]},{"@type":"WebSite","@id":"https:\/\/www.serhshotels.com\/pt-br\/#website","url":"https:\/\/www.serhshotels.com\/pt-br\/","name":"SERHS Hotels","description":"Moments full of happiness","publisher":{"@id":"https:\/\/www.serhshotels.com\/pt-br\/#organization"},"potentialAction":[{"@type":"SearchAction","target":{"@type":"EntryPoint","urlTemplate":"https:\/\/www.serhshotels.com\/pt-br\/?s={search_term_string}"},"query-input":{"@type":"PropertyValueSpecification","valueRequired":true,"valueName":"search_term_string"}}],"inLanguage":"pt-BR"},{"@type":"Organization","@id":"https:\/\/www.serhshotels.com\/pt-br\/#organization","name":"SERHS Hotels","url":"https:\/\/www.serhshotels.com\/pt-br\/","logo":{"@type":"ImageObject","inLanguage":"pt-BR","@id":"https:\/\/www.serhshotels.com\/pt-br\/#\/schema\/logo\/image\/","url":"https:\/\/www.serhshotels.com\/wp-content\/uploads\/2023\/02\/logo-serhs-hotels.png","contentUrl":"https:\/\/www.serhshotels.com\/wp-content\/uploads\/2023\/02\/logo-serhs-hotels.png","width":734,"height":250,"caption":"SERHS Hotels"},"image":{"@id":"https:\/\/www.serhshotels.com\/pt-br\/#\/schema\/logo\/image\/"},"sameAs":["https:\/\/www.facebook.com\/hotelsserhs\/","https:\/\/www.instagram.com\/serhshotels\/","https:\/\/es.linkedin.com\/company\/serhshotels","https:\/\/www.youtube.com\/@serhsTV"]}]}},"_links":{"self":[{"href":"https:\/\/www.serhshotels.com\/pt-br\/wp-json\/wp\/v2\/pages\/660","targetHints":{"allow":["GET"]}}],"collection":[{"href":"https:\/\/www.serhshotels.com\/pt-br\/wp-json\/wp\/v2\/pages"}],"about":[{"href":"https:\/\/www.serhshotels.com\/pt-br\/wp-json\/wp\/v2\/types\/page"}],"author":[{"embeddable":true,"href":"https:\/\/www.serhshotels.com\/pt-br\/wp-json\/wp\/v2\/users\/1"}],"replies":[{"embeddable":true,"href":"https:\/\/www.serhshotels.com\/pt-br\/wp-json\/wp\/v2\/comments?post=660"}],"version-history":[{"count":13,"href":"https:\/\/www.serhshotels.com\/pt-br\/wp-json\/wp\/v2\/pages\/660\/revisions"}],"predecessor-version":[{"id":5093,"href":"https:\/\/www.serhshotels.com\/pt-br\/wp-json\/wp\/v2\/pages\/660\/revisions\/5093"}],"wp:attachment":[{"href":"https:\/\/www.serhshotels.com\/pt-br\/wp-json\/wp\/v2\/media?parent=660"}],"curies":[{"name":"wp","href":"https:\/\/api.w.org\/{rel}","templated":true}]}}