{"id":644,"date":"2023-01-02T01:36:01","date_gmt":"2023-01-02T01:36:01","guid":{"rendered":"https:\/\/dev.serhshotels.com\/corportae-events\/"},"modified":"2023-02-08T12:07:57","modified_gmt":"2023-02-08T12:07:57","slug":"corportae-events","status":"publish","type":"page","link":"https:\/\/www.serhshotels.com\/pt-br\/corportae-events\/","title":{"rendered":"Corporate &#038; events"},"content":{"rendered":"\n<p class=\"has-text-align-center titulo-contacta-con-nosotros\">Corporate &amp; Events<\/p>\n\n\n\n<p>Experi\u00eancia, instala\u00e7\u00f5es, salas de reuni\u00e3o e tecnologia necess\u00e1rias para eventos de sucesso.<\/p>\n\n\n\n<p>Especialistas na organiza\u00e7\u00e3o e planeamento de todo o tipo de eventos, conven\u00e7\u00f5es, congressos, reuni\u00f5es, semin\u00e1rios e incentivos para os transformar numa experi\u00eancia \u00fanica e \u00e0 medida. Colocamos \u00e0 disposi\u00e7\u00e3o dos nossos clientes a nossa equipa humana e toda a sua experi\u00eancia, as instala\u00e7\u00f5es, salas de reuni\u00f5es e tecnologia necess\u00e1rias para o sucesso dos seus eventos.<\/p>\n\n\n\n<p>Somos um grupo hoteleiro com um amplo leque de possibilidades, desde uma pequena aldeia rural exclusivamente para o seu evento, at\u00e9 instala\u00e7\u00f5es com ofertas complementares \u00fanicas: Spa, instala\u00e7\u00f5es desportivas, localiza\u00e7\u00f5es ideais e vistas privilegiadas de, entre outros lugares, Barcelona. Colocamo-nos ao servi\u00e7o das necessidades de cada cliente; caracterizamo-nos pela nossa flexibilidade e capacidade de adapta\u00e7\u00e3o, fundamentais para que o cliente cumpra os objetivos.<\/p>\n\n\n<!div class=\"imagen-sostinibilidad verDesktop\" style=\"image: url('https:\/\/www.serhshotels.com\/wp-content\/uploads\/2023\/02\/Eventos3.jpg-4.png')\"><\/div>\n<img decoding=\"async\" class=\"imagen-sostinibilidad verDesktop\" src=\"https:\/\/www.serhshotels.com\/wp-content\/uploads\/2023\/02\/Eventos3.jpg-4.png\">\n<img decoding=\"async\" class=\"imagen-sostinibilidad verMovil\" src=\"https:\/\/www.serhshotels.com\/wp-content\/uploads\/2023\/02\/IMG-20230130-WA0047-4.jpg\">\t\t<style>.imagen-sostinibilidad{\n    width: 100%;\n    height: 100%;\n    margin:0 auto;\n    margin-top: 40px;\n    margin-bottom: -6px;\n}\n.home .imagen-sostinibilidad {\n\tmargin-top: 0px;\n}<\/style>\n\t\t","protected":false},"excerpt":{"rendered":"<p>Corporate &amp; Events Experi\u00eancia, instala\u00e7\u00f5es, salas de reuni\u00e3o e tecnologia necess\u00e1rias para eventos de sucesso. Especialistas na organiza\u00e7\u00e3o e planeamento de todo o tipo de eventos, conven\u00e7\u00f5es, congressos, reuni\u00f5es, semin\u00e1rios e incentivos para os transformar numa experi\u00eancia \u00fanica e \u00e0 medida. Colocamos \u00e0 disposi\u00e7\u00e3o dos nossos clientes a nossa equipa humana e toda a sua [&hellip;]<\/p>\n","protected":false},"author":1,"featured_media":0,"parent":0,"menu_order":0,"comment_status":"closed","ping_status":"closed","template":"","meta":{"_acf_changed":false,"footnotes":""},"class_list":["post-644","page","type-page","status-publish","hentry"],"acf":[],"yoast_head":"<!-- This site is optimized with the Yoast SEO plugin v26.3 - https:\/\/yoast.com\/wordpress\/plugins\/seo\/ -->\n<title>Corporate &amp; events | SERHS Hotels<\/title>\n<meta name=\"robots\" content=\"index, follow, max-snippet:-1, max-image-preview:large, max-video-preview:-1\" \/>\n<link rel=\"canonical\" href=\"https:\/\/www.serhshotels.com\/pt-br\/corportae-events\/\" \/>\n<meta property=\"og:locale\" content=\"pt_BR\" \/>\n<meta property=\"og:type\" content=\"article\" \/>\n<meta property=\"og:title\" content=\"Corporate &amp; events | SERHS Hotels\" \/>\n<meta property=\"og:description\" content=\"Corporate &amp; Events Experi\u00eancia, instala\u00e7\u00f5es, salas de reuni\u00e3o e tecnologia necess\u00e1rias para eventos de sucesso. Especialistas na organiza\u00e7\u00e3o e planeamento de todo o tipo de eventos, conven\u00e7\u00f5es, congressos, reuni\u00f5es, semin\u00e1rios e incentivos para os transformar numa experi\u00eancia \u00fanica e \u00e0 medida. Colocamos \u00e0 disposi\u00e7\u00e3o dos nossos clientes a nossa equipa humana e toda a sua [&hellip;]\" \/>\n<meta property=\"og:url\" content=\"https:\/\/www.serhshotels.com\/pt-br\/corportae-events\/\" \/>\n<meta property=\"og:site_name\" content=\"SERHS Hotels\" \/>\n<meta property=\"article:publisher\" content=\"https:\/\/www.facebook.com\/hotelsserhs\/\" \/>\n<meta property=\"article:modified_time\" content=\"2023-02-08T12:07:57+00:00\" \/>\n<meta name=\"twitter:card\" content=\"summary_large_image\" \/>\n<meta name=\"twitter:label1\" content=\"Est. tempo de leitura\" \/>\n\t<meta name=\"twitter:data1\" content=\"1 minuto\" \/>\n<script type=\"application\/ld+json\" class=\"yoast-schema-graph\">{\"@context\":\"https:\/\/schema.org\",\"@graph\":[{\"@type\":\"WebPage\",\"@id\":\"https:\/\/www.serhshotels.com\/pt-br\/corportae-events\/\",\"url\":\"https:\/\/www.serhshotels.com\/pt-br\/corportae-events\/\",\"name\":\"Corporate & events | SERHS Hotels\",\"isPartOf\":{\"@id\":\"https:\/\/www.serhshotels.com\/pt-br\/#website\"},\"datePublished\":\"2023-01-02T01:36:01+00:00\",\"dateModified\":\"2023-02-08T12:07:57+00:00\",\"breadcrumb\":{\"@id\":\"https:\/\/www.serhshotels.com\/pt-br\/corportae-events\/#breadcrumb\"},\"inLanguage\":\"pt-BR\",\"potentialAction\":[{\"@type\":\"ReadAction\",\"target\":[\"https:\/\/www.serhshotels.com\/pt-br\/corportae-events\/\"]}]},{\"@type\":\"BreadcrumbList\",\"@id\":\"https:\/\/www.serhshotels.com\/pt-br\/corportae-events\/#breadcrumb\",\"itemListElement\":[{\"@type\":\"ListItem\",\"position\":1,\"name\":\"Inici\",\"item\":\"https:\/\/www.serhshotels.com\/pt-br\/\"},{\"@type\":\"ListItem\",\"position\":2,\"name\":\"Corporate &#038; events\"}]},{\"@type\":\"WebSite\",\"@id\":\"https:\/\/www.serhshotels.com\/pt-br\/#website\",\"url\":\"https:\/\/www.serhshotels.com\/pt-br\/\",\"name\":\"SERHS Hotels\",\"description\":\"Moments full of happiness\",\"publisher\":{\"@id\":\"https:\/\/www.serhshotels.com\/pt-br\/#organization\"},\"potentialAction\":[{\"@type\":\"SearchAction\",\"target\":{\"@type\":\"EntryPoint\",\"urlTemplate\":\"https:\/\/www.serhshotels.com\/pt-br\/?s={search_term_string}\"},\"query-input\":{\"@type\":\"PropertyValueSpecification\",\"valueRequired\":true,\"valueName\":\"search_term_string\"}}],\"inLanguage\":\"pt-BR\"},{\"@type\":\"Organization\",\"@id\":\"https:\/\/www.serhshotels.com\/pt-br\/#organization\",\"name\":\"SERHS Hotels\",\"url\":\"https:\/\/www.serhshotels.com\/pt-br\/\",\"logo\":{\"@type\":\"ImageObject\",\"inLanguage\":\"pt-BR\",\"@id\":\"https:\/\/www.serhshotels.com\/pt-br\/#\/schema\/logo\/image\/\",\"url\":\"https:\/\/www.serhshotels.com\/wp-content\/uploads\/2023\/02\/logo-serhs-hotels.png\",\"contentUrl\":\"https:\/\/www.serhshotels.com\/wp-content\/uploads\/2023\/02\/logo-serhs-hotels.png\",\"width\":734,\"height\":250,\"caption\":\"SERHS Hotels\"},\"image\":{\"@id\":\"https:\/\/www.serhshotels.com\/pt-br\/#\/schema\/logo\/image\/\"},\"sameAs\":[\"https:\/\/www.facebook.com\/hotelsserhs\/\",\"https:\/\/www.instagram.com\/serhshotels\/\",\"https:\/\/es.linkedin.com\/company\/serhshotels\",\"https:\/\/www.youtube.com\/@serhsTV\"]}]}<\/script>\n<!-- \/ Yoast SEO plugin. -->","yoast_head_json":{"title":"Corporate & events | SERHS Hotels","robots":{"index":"index","follow":"follow","max-snippet":"max-snippet:-1","max-image-preview":"max-image-preview:large","max-video-preview":"max-video-preview:-1"},"canonical":"https:\/\/www.serhshotels.com\/pt-br\/corportae-events\/","og_locale":"pt_BR","og_type":"article","og_title":"Corporate & events | SERHS Hotels","og_description":"Corporate &amp; Events Experi\u00eancia, instala\u00e7\u00f5es, salas de reuni\u00e3o e tecnologia necess\u00e1rias para eventos de sucesso. Especialistas na organiza\u00e7\u00e3o e planeamento de todo o tipo de eventos, conven\u00e7\u00f5es, congressos, reuni\u00f5es, semin\u00e1rios e incentivos para os transformar numa experi\u00eancia \u00fanica e \u00e0 medida. Colocamos \u00e0 disposi\u00e7\u00e3o dos nossos clientes a nossa equipa humana e toda a sua [&hellip;]","og_url":"https:\/\/www.serhshotels.com\/pt-br\/corportae-events\/","og_site_name":"SERHS Hotels","article_publisher":"https:\/\/www.facebook.com\/hotelsserhs\/","article_modified_time":"2023-02-08T12:07:57+00:00","twitter_card":"summary_large_image","twitter_misc":{"Est. tempo de leitura":"1 minuto"},"schema":{"@context":"https:\/\/schema.org","@graph":[{"@type":"WebPage","@id":"https:\/\/www.serhshotels.com\/pt-br\/corportae-events\/","url":"https:\/\/www.serhshotels.com\/pt-br\/corportae-events\/","name":"Corporate & events | SERHS Hotels","isPartOf":{"@id":"https:\/\/www.serhshotels.com\/pt-br\/#website"},"datePublished":"2023-01-02T01:36:01+00:00","dateModified":"2023-02-08T12:07:57+00:00","breadcrumb":{"@id":"https:\/\/www.serhshotels.com\/pt-br\/corportae-events\/#breadcrumb"},"inLanguage":"pt-BR","potentialAction":[{"@type":"ReadAction","target":["https:\/\/www.serhshotels.com\/pt-br\/corportae-events\/"]}]},{"@type":"BreadcrumbList","@id":"https:\/\/www.serhshotels.com\/pt-br\/corportae-events\/#breadcrumb","itemListElement":[{"@type":"ListItem","position":1,"name":"Inici","item":"https:\/\/www.serhshotels.com\/pt-br\/"},{"@type":"ListItem","position":2,"name":"Corporate &#038; events"}]},{"@type":"WebSite","@id":"https:\/\/www.serhshotels.com\/pt-br\/#website","url":"https:\/\/www.serhshotels.com\/pt-br\/","name":"SERHS Hotels","description":"Moments full of happiness","publisher":{"@id":"https:\/\/www.serhshotels.com\/pt-br\/#organization"},"potentialAction":[{"@type":"SearchAction","target":{"@type":"EntryPoint","urlTemplate":"https:\/\/www.serhshotels.com\/pt-br\/?s={search_term_string}"},"query-input":{"@type":"PropertyValueSpecification","valueRequired":true,"valueName":"search_term_string"}}],"inLanguage":"pt-BR"},{"@type":"Organization","@id":"https:\/\/www.serhshotels.com\/pt-br\/#organization","name":"SERHS Hotels","url":"https:\/\/www.serhshotels.com\/pt-br\/","logo":{"@type":"ImageObject","inLanguage":"pt-BR","@id":"https:\/\/www.serhshotels.com\/pt-br\/#\/schema\/logo\/image\/","url":"https:\/\/www.serhshotels.com\/wp-content\/uploads\/2023\/02\/logo-serhs-hotels.png","contentUrl":"https:\/\/www.serhshotels.com\/wp-content\/uploads\/2023\/02\/logo-serhs-hotels.png","width":734,"height":250,"caption":"SERHS Hotels"},"image":{"@id":"https:\/\/www.serhshotels.com\/pt-br\/#\/schema\/logo\/image\/"},"sameAs":["https:\/\/www.facebook.com\/hotelsserhs\/","https:\/\/www.instagram.com\/serhshotels\/","https:\/\/es.linkedin.com\/company\/serhshotels","https:\/\/www.youtube.com\/@serhsTV"]}]}},"_links":{"self":[{"href":"https:\/\/www.serhshotels.com\/pt-br\/wp-json\/wp\/v2\/pages\/644","targetHints":{"allow":["GET"]}}],"collection":[{"href":"https:\/\/www.serhshotels.com\/pt-br\/wp-json\/wp\/v2\/pages"}],"about":[{"href":"https:\/\/www.serhshotels.com\/pt-br\/wp-json\/wp\/v2\/types\/page"}],"author":[{"embeddable":true,"href":"https:\/\/www.serhshotels.com\/pt-br\/wp-json\/wp\/v2\/users\/1"}],"replies":[{"embeddable":true,"href":"https:\/\/www.serhshotels.com\/pt-br\/wp-json\/wp\/v2\/comments?post=644"}],"version-history":[{"count":5,"href":"https:\/\/www.serhshotels.com\/pt-br\/wp-json\/wp\/v2\/pages\/644\/revisions"}],"predecessor-version":[{"id":1831,"href":"https:\/\/www.serhshotels.com\/pt-br\/wp-json\/wp\/v2\/pages\/644\/revisions\/1831"}],"wp:attachment":[{"href":"https:\/\/www.serhshotels.com\/pt-br\/wp-json\/wp\/v2\/media?parent=644"}],"curies":[{"name":"wp","href":"https:\/\/api.w.org\/{rel}","templated":true}]}}