{"id":2759,"date":"2023-05-17T06:47:12","date_gmt":"2023-05-17T06:47:12","guid":{"rendered":"https:\/\/www.serhshotels.com\/treballa-amb-nosaltres\/"},"modified":"2026-01-15T14:09:53","modified_gmt":"2026-01-15T14:09:53","slug":"trabalhe-conosco","status":"publish","type":"page","link":"https:\/\/www.serhshotels.com\/pt-br\/trabalhe-conosco\/","title":{"rendered":"Trabalhe Conosco"},"content":{"rendered":"\n<p class=\"has-text-align-center titulo-contacta-con-nosotros\"><\/p>\n\n\n\n<div class=\"section-title\">\n<div class=\"section-title-little\">\n<h1>Trabalhe Conosco<\/h1>\n<\/div>\n<\/div>\n\n\n\n<div class=\"wp-block-columns on-ets-tu-protagonista-container container2 is-layout-flex wp-container-core-columns-is-layout-1 wp-block-columns-is-layout-flex\">\n<div class=\"wp-block-column on-ets-tu-protagonista is-layout-flow wp-block-column-is-layout-flow\">\n<div class=\"on-ets-tu-protagonista-subsection\">\n<h2>ESTAMOS PROCURANDO TALENTOS<\/h2>\n<p>A SERHS Hotels \u00e9 uma rede comprometida com as pessoas, a diversidade e a igualdade de oportunidades.<\/p>\n<p>A transpar\u00eancia e a honestidade com nossos funcion\u00e1rios, clientes e fornecedores fazem parte do DNA da SERHS.<\/p>\n<p>Estamos procurando talentos, pessoas que compartilhem a paix\u00e3o pelo nosso trabalho e que tenham voca\u00e7\u00e3o para o servi\u00e7o.<\/p>\n<p>Se voc\u00ea est\u00e1 procurando uma equipe din\u00e2mica e profissional, um trabalho para crescer, mostre-nos o seu talento.<\/p>\n<p>Gostaria de fazer parte da nossa equipe?<\/p>\n<p>Nossas InfoJobs: <a href=\"https:\/\/www.infojobs.net\/serhs-hotels\/em-i7a0dcf4d2a4aada4677fb03bbe3766\" target=\"!blank\"><img decoding=\"async\" src=\"https:\/\/www.serhshotels.com\/wp-content\/uploads\/2026\/01\/infojobs.png\" style=\"width: auto; height: 15px !important; margin-bottom: -2px;\"><\/a><\/p>\n<\/div>\n<\/div>\n\n\n\n<div class=\"wp-block-column is-layout-flow wp-block-column-is-layout-flow\">\n<div class=\"imagenes-trabaja-nosotros\">\n<div class=\"imagen1\" style=\"background-image: url(https:\/\/www.serhshotels.com\/wp-content\/uploads\/2025\/10\/SerhsNatalGH25.3788-Retocada-1-e1761649784725.jpg);\"><\/div>\n<div class=\"imagen2\" style=\"background-image: url(https:\/\/www.serhshotels.com\/wp-content\/uploads\/2025\/10\/SN-271-e1761650119837.jpg);\"><\/div>\n<div class=\"imagen3\" style=\"background-image: url(https:\/\/www.serhshotels.com\/wp-content\/uploads\/2025\/10\/recepcion.jpg);\"><\/div>\n<\/div>\n<\/div>\n<\/div>\n\n\n<div class=\"container2 form-treballa-amb-nosaltres\">\n<div class=\"wpcf7 no-js\" id=\"wpcf7-f2772-o1\" lang=\"pt-BR\" dir=\"ltr\" data-wpcf7-id=\"2772\">\n<div class=\"screen-reader-response\"><p role=\"status\" aria-live=\"polite\" aria-atomic=\"true\"><\/p> <ul><\/ul><\/div>\n<form action=\"\/pt-br\/wp-json\/wp\/v2\/pages\/2759#wpcf7-f2772-o1\" method=\"post\" class=\"wpcf7-form init\" aria-label=\"Formul\u00e1rios de contato\" enctype=\"multipart\/form-data\" novalidate=\"novalidate\" data-status=\"init\">\n<fieldset class=\"hidden-fields-container\"><input type=\"hidden\" name=\"_wpcf7\" value=\"2772\" \/><input type=\"hidden\" name=\"_wpcf7_version\" value=\"6.1.3\" \/><input type=\"hidden\" name=\"_wpcf7_locale\" value=\"pt_BR\" \/><input type=\"hidden\" name=\"_wpcf7_unit_tag\" value=\"wpcf7-f2772-o1\" \/><input type=\"hidden\" name=\"_wpcf7_container_post\" value=\"0\" \/><input type=\"hidden\" name=\"_wpcf7_posted_data_hash\" value=\"\" \/><input type=\"hidden\" name=\"_wpcf7_recaptcha_response\" value=\"\" \/>\n<\/fieldset>\n<div class=\"col-1\">\n\t<p>Divis\u00e3o*\n\t<\/p>\n\t<p><span class=\"wpcf7-form-control-wrap\" data-name=\"Rem\"><select class=\"wpcf7-form-control wpcf7-select wpcf7-validates-as-required campo-formulario\" aria-required=\"true\" aria-invalid=\"false\" name=\"Rem\"><option value=\"Serhs Catalunha\">Serhs Catalunha<\/option><option value=\"Serhs Brasil\">Serhs Brasil<\/option><\/select><\/span>\n\t<\/p>\n<\/div>\n<div class=\"col-2 col-left\">\n\t<p><span class=\"wpcf7-form-control-wrap\" data-name=\"Nombre\"><input size=\"40\" maxlength=\"400\" class=\"wpcf7-form-control wpcf7-text wpcf7-validates-as-required campo-formulario\" aria-required=\"true\" aria-invalid=\"false\" placeholder=\"Nome*\" value=\"\" type=\"text\" name=\"Nombre\" \/><\/span>\n\t<\/p>\n<\/div>\n<div class=\"col-2 col-right\">\n\t<p><span class=\"wpcf7-form-control-wrap\" data-name=\"Apellidos\"><input size=\"40\" maxlength=\"400\" class=\"wpcf7-form-control wpcf7-text wpcf7-validates-as-required campo-formulario\" aria-required=\"true\" aria-invalid=\"false\" placeholder=\"Sobrenomes*\" value=\"\" type=\"text\" name=\"Apellidos\" \/><\/span>\n\t<\/p>\n<\/div>\n<div class=\"col-2 col-left\">\n\t<p><span class=\"wpcf7-form-control-wrap\" data-name=\"email\"><input size=\"40\" maxlength=\"400\" class=\"wpcf7-form-control wpcf7-email wpcf7-validates-as-required wpcf7-text wpcf7-validates-as-email campo-formulario\" aria-required=\"true\" aria-invalid=\"false\" placeholder=\"Email*\" value=\"\" type=\"email\" name=\"email\" \/><\/span>\n\t<\/p>\n<\/div>\n<div class=\"col-2 col-right\">\n\t<p><span class=\"wpcf7-form-control-wrap\" data-name=\"tel\"><input size=\"40\" maxlength=\"400\" class=\"wpcf7-form-control wpcf7-tel wpcf7-validates-as-required wpcf7-text wpcf7-validates-as-tel campo-formulario\" aria-required=\"true\" aria-invalid=\"false\" placeholder=\"Telefone*\" value=\"\" type=\"tel\" name=\"tel\" \/><\/span>\n\t<\/p>\n<\/div>\n<div class=\"col-1\">\n\t<p><span class=\"wpcf7-form-control-wrap\" data-name=\"textarea\"><textarea cols=\"40\" rows=\"10\" maxlength=\"2000\" class=\"wpcf7-form-control wpcf7-textarea wpcf7-validates-as-required campo-formulario\" aria-required=\"true\" aria-invalid=\"false\" placeholder=\"Mensagem*\" name=\"textarea\"><\/textarea><\/span>\n\t<\/p>\n<\/div>\n<div class=\"col-2 col-left adjuntar-archivo\">\n\t<p><span class=\"wpcf7-list-item-label\">Anexe seu curr\u00edculo: <label for=\"adjunta-cv\">Selecione o arquivo<\/label> <span class=\"wpcf7-form-control-wrap\" data-name=\"file-546\"><input size=\"40\" class=\"wpcf7-form-control wpcf7-file\" id=\"adjunta-cv\" accept=\".pdf,.docx,.doc\" aria-invalid=\"false\" type=\"file\" name=\"file-546\" \/><\/span><\/span>\n\t<\/p>\n<\/div>\n<div class=\"col-2 col-right\">\n<span class=\"wpcf7-form-control-wrap recaptcha\" data-name=\"recaptcha\"><span data-sitekey=\"6LcFkxcmAAAAAPi4aKDjcPC9ZFQ0r6C0DW4J90qU\" data-align=\"right\" class=\"wpcf7-form-control wpcf7-recaptcha g-recaptcha\"><\/span>\r\n<noscript>\r\n\t<div class=\"grecaptcha-noscript\">\r\n\t\t<iframe loading=\"lazy\" src=\"https:\/\/www.google.com\/recaptcha\/api\/fallback?k=6LcFkxcmAAAAAPi4aKDjcPC9ZFQ0r6C0DW4J90qU\" frameborder=\"0\" scrolling=\"no\" width=\"310\" height=\"430\">\r\n\t\t<\/iframe>\r\n\t\t<textarea name=\"g-recaptcha-response\" rows=\"3\" cols=\"40\" placeholder=\"reCaptcha Response Here\">\r\n\t\t<\/textarea>\r\n\t<\/div>\r\n<\/noscript>\r\n<\/span>\n<\/div>\n<p><span class=\"wpcf7-form-control-wrap\" data-name=\"casilla\"><span class=\"wpcf7-form-control wpcf7-acceptance optional\"><span class=\"wpcf7-list-item\"><label><input type=\"checkbox\" name=\"casilla\" value=\"1\" class=\"casilla\" aria-invalid=\"false\" \/><span class=\"wpcf7-list-item-label\">Aceite os <a href=\"https:\/\/www.serhshotels.com\/pt-br\/politica-de-privacitat\/\">Termos e Condi\u00e7\u00f5es de Prote\u00e7\u00e3o de Dados<\/a><\/span><\/label><\/span><\/span><\/span>\n<\/p>\n<div class=\"buton-enviar\">\n\t<p><input class=\"wpcf7-form-control wpcf7-submit has-spinner btn-enviar\" type=\"submit\" value=\"Enviar\" \/>\n\t<\/p>\n<\/div><p style=\"display: none !important;\" class=\"akismet-fields-container\" data-prefix=\"_wpcf7_ak_\"><label>&#916;<textarea name=\"_wpcf7_ak_hp_textarea\" cols=\"45\" rows=\"8\" maxlength=\"100\"><\/textarea><\/label><input type=\"hidden\" id=\"ak_js_1\" name=\"_wpcf7_ak_js\" value=\"96\"\/><script>document.getElementById( \"ak_js_1\" ).setAttribute( \"value\", ( new Date() ).getTime() );<\/script><\/p><div class=\"wpcf7-response-output\" aria-hidden=\"true\"><\/div>\n<\/form>\n<\/div>\n<\/div>\n","protected":false},"excerpt":{"rendered":"<p>Trabalhe Conosco ESTAMOS PROCURANDO TALENTOS A SERHS Hotels \u00e9 uma rede comprometida com as pessoas, a diversidade e a igualdade de oportunidades. A transpar\u00eancia e a honestidade com nossos funcion\u00e1rios, clientes e fornecedores fazem parte do DNA da SERHS. Estamos procurando talentos, pessoas que compartilhem a paix\u00e3o pelo nosso trabalho e que tenham voca\u00e7\u00e3o para [&hellip;]<\/p>\n","protected":false},"author":8,"featured_media":0,"parent":0,"menu_order":0,"comment_status":"closed","ping_status":"closed","template":"","meta":{"_acf_changed":false,"footnotes":""},"class_list":["post-2759","page","type-page","status-publish","hentry"],"acf":[],"yoast_head":"<!-- This site is optimized with the Yoast SEO plugin v26.3 - https:\/\/yoast.com\/wordpress\/plugins\/seo\/ -->\n<title>Trabalhe Conosco | SERHS Hotels<\/title>\n<meta name=\"description\" content=\"Vols treballar amb nosaltres? Adjunta el teu curr\u00edculum.\" \/>\n<meta name=\"robots\" content=\"index, follow, max-snippet:-1, max-image-preview:large, max-video-preview:-1\" \/>\n<link rel=\"canonical\" href=\"https:\/\/www.serhshotels.com\/pt-br\/trabalhe-conosco\/\" \/>\n<meta property=\"og:locale\" content=\"pt_BR\" \/>\n<meta property=\"og:type\" content=\"article\" \/>\n<meta property=\"og:title\" content=\"Trabalhe Conosco | SERHS Hotels\" \/>\n<meta property=\"og:description\" content=\"Vols treballar amb nosaltres? Adjunta el teu curr\u00edculum.\" \/>\n<meta property=\"og:url\" content=\"https:\/\/www.serhshotels.com\/pt-br\/trabalhe-conosco\/\" \/>\n<meta property=\"og:site_name\" content=\"SERHS Hotels\" \/>\n<meta property=\"article:publisher\" content=\"https:\/\/www.facebook.com\/hotelsserhs\/\" \/>\n<meta property=\"article:modified_time\" content=\"2026-01-15T14:09:53+00:00\" \/>\n<meta property=\"og:image\" content=\"https:\/\/www.serhshotels.com\/wp-content\/uploads\/2026\/01\/infojobs.png\" \/>\n<meta name=\"twitter:card\" content=\"summary_large_image\" \/>\n<meta name=\"twitter:label1\" content=\"Est. tempo de leitura\" \/>\n\t<meta name=\"twitter:data1\" content=\"1 minuto\" \/>\n<script type=\"application\/ld+json\" class=\"yoast-schema-graph\">{\"@context\":\"https:\/\/schema.org\",\"@graph\":[{\"@type\":\"WebPage\",\"@id\":\"https:\/\/www.serhshotels.com\/pt-br\/trabalhe-conosco\/\",\"url\":\"https:\/\/www.serhshotels.com\/pt-br\/trabalhe-conosco\/\",\"name\":\"Trabalhe Conosco | SERHS Hotels\",\"isPartOf\":{\"@id\":\"https:\/\/www.serhshotels.com\/pt-br\/#website\"},\"primaryImageOfPage\":{\"@id\":\"https:\/\/www.serhshotels.com\/pt-br\/trabalhe-conosco\/#primaryimage\"},\"image\":{\"@id\":\"https:\/\/www.serhshotels.com\/pt-br\/trabalhe-conosco\/#primaryimage\"},\"thumbnailUrl\":\"https:\/\/www.serhshotels.com\/wp-content\/uploads\/2026\/01\/infojobs.png\",\"datePublished\":\"2023-05-17T06:47:12+00:00\",\"dateModified\":\"2026-01-15T14:09:53+00:00\",\"description\":\"Vols treballar amb nosaltres? Adjunta el teu curr\u00edculum.\",\"breadcrumb\":{\"@id\":\"https:\/\/www.serhshotels.com\/pt-br\/trabalhe-conosco\/#breadcrumb\"},\"inLanguage\":\"pt-BR\",\"potentialAction\":[{\"@type\":\"ReadAction\",\"target\":[\"https:\/\/www.serhshotels.com\/pt-br\/trabalhe-conosco\/\"]}]},{\"@type\":\"ImageObject\",\"inLanguage\":\"pt-BR\",\"@id\":\"https:\/\/www.serhshotels.com\/pt-br\/trabalhe-conosco\/#primaryimage\",\"url\":\"https:\/\/www.serhshotels.com\/wp-content\/uploads\/2026\/01\/infojobs.png\",\"contentUrl\":\"https:\/\/www.serhshotels.com\/wp-content\/uploads\/2026\/01\/infojobs.png\"},{\"@type\":\"BreadcrumbList\",\"@id\":\"https:\/\/www.serhshotels.com\/pt-br\/trabalhe-conosco\/#breadcrumb\",\"itemListElement\":[{\"@type\":\"ListItem\",\"position\":1,\"name\":\"Inici\",\"item\":\"https:\/\/www.serhshotels.com\/pt-br\/\"},{\"@type\":\"ListItem\",\"position\":2,\"name\":\"Trabalhe Conosco\"}]},{\"@type\":\"WebSite\",\"@id\":\"https:\/\/www.serhshotels.com\/pt-br\/#website\",\"url\":\"https:\/\/www.serhshotels.com\/pt-br\/\",\"name\":\"SERHS Hotels\",\"description\":\"Moments full of happiness\",\"publisher\":{\"@id\":\"https:\/\/www.serhshotels.com\/pt-br\/#organization\"},\"potentialAction\":[{\"@type\":\"SearchAction\",\"target\":{\"@type\":\"EntryPoint\",\"urlTemplate\":\"https:\/\/www.serhshotels.com\/pt-br\/?s={search_term_string}\"},\"query-input\":{\"@type\":\"PropertyValueSpecification\",\"valueRequired\":true,\"valueName\":\"search_term_string\"}}],\"inLanguage\":\"pt-BR\"},{\"@type\":\"Organization\",\"@id\":\"https:\/\/www.serhshotels.com\/pt-br\/#organization\",\"name\":\"SERHS Hotels\",\"url\":\"https:\/\/www.serhshotels.com\/pt-br\/\",\"logo\":{\"@type\":\"ImageObject\",\"inLanguage\":\"pt-BR\",\"@id\":\"https:\/\/www.serhshotels.com\/pt-br\/#\/schema\/logo\/image\/\",\"url\":\"https:\/\/www.serhshotels.com\/wp-content\/uploads\/2023\/02\/logo-serhs-hotels.png\",\"contentUrl\":\"https:\/\/www.serhshotels.com\/wp-content\/uploads\/2023\/02\/logo-serhs-hotels.png\",\"width\":734,\"height\":250,\"caption\":\"SERHS Hotels\"},\"image\":{\"@id\":\"https:\/\/www.serhshotels.com\/pt-br\/#\/schema\/logo\/image\/\"},\"sameAs\":[\"https:\/\/www.facebook.com\/hotelsserhs\/\",\"https:\/\/www.instagram.com\/serhshotels\/\",\"https:\/\/es.linkedin.com\/company\/serhshotels\",\"https:\/\/www.youtube.com\/@serhsTV\"]}]}<\/script>\n<!-- \/ Yoast SEO plugin. -->","yoast_head_json":{"title":"Trabalhe Conosco | SERHS Hotels","description":"Vols treballar amb nosaltres? Adjunta el teu curr\u00edculum.","robots":{"index":"index","follow":"follow","max-snippet":"max-snippet:-1","max-image-preview":"max-image-preview:large","max-video-preview":"max-video-preview:-1"},"canonical":"https:\/\/www.serhshotels.com\/pt-br\/trabalhe-conosco\/","og_locale":"pt_BR","og_type":"article","og_title":"Trabalhe Conosco | SERHS Hotels","og_description":"Vols treballar amb nosaltres? Adjunta el teu curr\u00edculum.","og_url":"https:\/\/www.serhshotels.com\/pt-br\/trabalhe-conosco\/","og_site_name":"SERHS Hotels","article_publisher":"https:\/\/www.facebook.com\/hotelsserhs\/","article_modified_time":"2026-01-15T14:09:53+00:00","og_image":[{"url":"https:\/\/www.serhshotels.com\/wp-content\/uploads\/2026\/01\/infojobs.png","type":"","width":"","height":""}],"twitter_card":"summary_large_image","twitter_misc":{"Est. tempo de leitura":"1 minuto"},"schema":{"@context":"https:\/\/schema.org","@graph":[{"@type":"WebPage","@id":"https:\/\/www.serhshotels.com\/pt-br\/trabalhe-conosco\/","url":"https:\/\/www.serhshotels.com\/pt-br\/trabalhe-conosco\/","name":"Trabalhe Conosco | SERHS Hotels","isPartOf":{"@id":"https:\/\/www.serhshotels.com\/pt-br\/#website"},"primaryImageOfPage":{"@id":"https:\/\/www.serhshotels.com\/pt-br\/trabalhe-conosco\/#primaryimage"},"image":{"@id":"https:\/\/www.serhshotels.com\/pt-br\/trabalhe-conosco\/#primaryimage"},"thumbnailUrl":"https:\/\/www.serhshotels.com\/wp-content\/uploads\/2026\/01\/infojobs.png","datePublished":"2023-05-17T06:47:12+00:00","dateModified":"2026-01-15T14:09:53+00:00","description":"Vols treballar amb nosaltres? Adjunta el teu curr\u00edculum.","breadcrumb":{"@id":"https:\/\/www.serhshotels.com\/pt-br\/trabalhe-conosco\/#breadcrumb"},"inLanguage":"pt-BR","potentialAction":[{"@type":"ReadAction","target":["https:\/\/www.serhshotels.com\/pt-br\/trabalhe-conosco\/"]}]},{"@type":"ImageObject","inLanguage":"pt-BR","@id":"https:\/\/www.serhshotels.com\/pt-br\/trabalhe-conosco\/#primaryimage","url":"https:\/\/www.serhshotels.com\/wp-content\/uploads\/2026\/01\/infojobs.png","contentUrl":"https:\/\/www.serhshotels.com\/wp-content\/uploads\/2026\/01\/infojobs.png"},{"@type":"BreadcrumbList","@id":"https:\/\/www.serhshotels.com\/pt-br\/trabalhe-conosco\/#breadcrumb","itemListElement":[{"@type":"ListItem","position":1,"name":"Inici","item":"https:\/\/www.serhshotels.com\/pt-br\/"},{"@type":"ListItem","position":2,"name":"Trabalhe Conosco"}]},{"@type":"WebSite","@id":"https:\/\/www.serhshotels.com\/pt-br\/#website","url":"https:\/\/www.serhshotels.com\/pt-br\/","name":"SERHS Hotels","description":"Moments full of happiness","publisher":{"@id":"https:\/\/www.serhshotels.com\/pt-br\/#organization"},"potentialAction":[{"@type":"SearchAction","target":{"@type":"EntryPoint","urlTemplate":"https:\/\/www.serhshotels.com\/pt-br\/?s={search_term_string}"},"query-input":{"@type":"PropertyValueSpecification","valueRequired":true,"valueName":"search_term_string"}}],"inLanguage":"pt-BR"},{"@type":"Organization","@id":"https:\/\/www.serhshotels.com\/pt-br\/#organization","name":"SERHS Hotels","url":"https:\/\/www.serhshotels.com\/pt-br\/","logo":{"@type":"ImageObject","inLanguage":"pt-BR","@id":"https:\/\/www.serhshotels.com\/pt-br\/#\/schema\/logo\/image\/","url":"https:\/\/www.serhshotels.com\/wp-content\/uploads\/2023\/02\/logo-serhs-hotels.png","contentUrl":"https:\/\/www.serhshotels.com\/wp-content\/uploads\/2023\/02\/logo-serhs-hotels.png","width":734,"height":250,"caption":"SERHS Hotels"},"image":{"@id":"https:\/\/www.serhshotels.com\/pt-br\/#\/schema\/logo\/image\/"},"sameAs":["https:\/\/www.facebook.com\/hotelsserhs\/","https:\/\/www.instagram.com\/serhshotels\/","https:\/\/es.linkedin.com\/company\/serhshotels","https:\/\/www.youtube.com\/@serhsTV"]}]}},"_links":{"self":[{"href":"https:\/\/www.serhshotels.com\/pt-br\/wp-json\/wp\/v2\/pages\/2759","targetHints":{"allow":["GET"]}}],"collection":[{"href":"https:\/\/www.serhshotels.com\/pt-br\/wp-json\/wp\/v2\/pages"}],"about":[{"href":"https:\/\/www.serhshotels.com\/pt-br\/wp-json\/wp\/v2\/types\/page"}],"author":[{"embeddable":true,"href":"https:\/\/www.serhshotels.com\/pt-br\/wp-json\/wp\/v2\/users\/8"}],"replies":[{"embeddable":true,"href":"https:\/\/www.serhshotels.com\/pt-br\/wp-json\/wp\/v2\/comments?post=2759"}],"version-history":[{"count":7,"href":"https:\/\/www.serhshotels.com\/pt-br\/wp-json\/wp\/v2\/pages\/2759\/revisions"}],"predecessor-version":[{"id":5138,"href":"https:\/\/www.serhshotels.com\/pt-br\/wp-json\/wp\/v2\/pages\/2759\/revisions\/5138"}],"wp:attachment":[{"href":"https:\/\/www.serhshotels.com\/pt-br\/wp-json\/wp\/v2\/media?parent=2759"}],"curies":[{"name":"wp","href":"https:\/\/api.w.org\/{rel}","templated":true}]}}