{"id":720,"date":"2023-01-01T18:06:52","date_gmt":"2023-01-01T18:06:52","guid":{"rendered":"https:\/\/dev.serhshotels.com\/nosaltres\/"},"modified":"2026-02-23T21:09:26","modified_gmt":"2026-02-23T21:09:26","slug":"nosaltres","status":"publish","type":"page","link":"https:\/\/www.serhshotels.com\/es\/nosaltres\/","title":{"rendered":"Nosotros"},"content":{"rendered":"\n<p class=\"has-text-align-center titulo-contacta-con-nosotros\">Nosotros<\/p>\n\n\n\n<p>Desde una escapada en familia a Vilars Rurals, a un fin de semana cultural en Barcelona o unas vacaciones en un resort de playa: vive tu experiencia con SERHS Hotels.<\/p>\n\n\n\n<p>Con presencia en Catalu\u00f1a y Brasil, SERHS Hotels pone a su alcance con ocho establecimientos hoteleros pensados para que vacaciones, escapadas y celebraciones se conviertan en momentos llenos de vida.<\/p>\n\n\n\n<p>Adem\u00e1s, ofrecemos nuestra experiencia e instalaciones a empresas, entidades y particulares que buscan un entorno especial donde celebrar sus reuniones y eventos. M\u00e1s de 50 a\u00f1os de experiencia en el sector de la hosteler\u00eda y del turismo nos avalan.<\/p>\n\n\n\n<p>Reserva en la web oficial de SERHS Hotels y disfruta de las mejores ventajas.<\/p>\n","protected":false},"excerpt":{"rendered":"<p>Nosotros Desde una escapada en familia a Vilars Rurals, a un fin de semana cultural en Barcelona o unas vacaciones en un resort de playa: vive tu experiencia con SERHS Hotels. Con presencia en Catalu\u00f1a y Brasil, SERHS Hotels pone a su alcance con ocho establecimientos hoteleros pensados para que vacaciones, escapadas y celebraciones se [&hellip;]<\/p>\n","protected":false},"author":1,"featured_media":0,"parent":0,"menu_order":0,"comment_status":"closed","ping_status":"closed","template":"","meta":{"_acf_changed":false,"footnotes":""},"class_list":["post-720","page","type-page","status-publish","hentry"],"acf":[],"yoast_head":"<!-- This site is optimized with the Yoast SEO plugin v26.3 - https:\/\/yoast.com\/wordpress\/plugins\/seo\/ -->\n<title>Nosotros | SERHS Hotels<\/title>\n<meta name=\"robots\" content=\"index, follow, max-snippet:-1, max-image-preview:large, max-video-preview:-1\" \/>\n<link rel=\"canonical\" href=\"https:\/\/www.serhshotels.com\/es\/nosaltres\/\" \/>\n<meta property=\"og:locale\" content=\"es_ES\" \/>\n<meta property=\"og:type\" content=\"article\" \/>\n<meta property=\"og:title\" content=\"Nosotros | SERHS Hotels\" \/>\n<meta property=\"og:description\" content=\"Nosotros Desde una escapada en familia a Vilars Rurals, a un fin de semana cultural en Barcelona o unas vacaciones en un resort de playa: vive tu experiencia con SERHS Hotels. Con presencia en Catalu\u00f1a y Brasil, SERHS Hotels pone a su alcance con ocho establecimientos hoteleros pensados para que vacaciones, escapadas y celebraciones se [&hellip;]\" \/>\n<meta property=\"og:url\" content=\"https:\/\/www.serhshotels.com\/es\/nosaltres\/\" \/>\n<meta property=\"og:site_name\" content=\"SERHS Hotels\" \/>\n<meta property=\"article:publisher\" content=\"https:\/\/www.facebook.com\/hotelsserhs\/\" \/>\n<meta property=\"article:modified_time\" content=\"2026-02-23T21:09:26+00:00\" \/>\n<meta name=\"twitter:card\" content=\"summary_large_image\" \/>\n<meta name=\"twitter:label1\" content=\"Tiempo de lectura\" \/>\n\t<meta name=\"twitter:data1\" content=\"1 minuto\" \/>\n<script type=\"application\/ld+json\" class=\"yoast-schema-graph\">{\"@context\":\"https:\/\/schema.org\",\"@graph\":[{\"@type\":\"WebPage\",\"@id\":\"https:\/\/www.serhshotels.com\/es\/nosaltres\/\",\"url\":\"https:\/\/www.serhshotels.com\/es\/nosaltres\/\",\"name\":\"Nosotros | SERHS Hotels\",\"isPartOf\":{\"@id\":\"https:\/\/www.serhshotels.com\/es\/#website\"},\"datePublished\":\"2023-01-01T18:06:52+00:00\",\"dateModified\":\"2026-02-23T21:09:26+00:00\",\"breadcrumb\":{\"@id\":\"https:\/\/www.serhshotels.com\/es\/nosaltres\/#breadcrumb\"},\"inLanguage\":\"es\",\"potentialAction\":[{\"@type\":\"ReadAction\",\"target\":[\"https:\/\/www.serhshotels.com\/es\/nosaltres\/\"]}]},{\"@type\":\"BreadcrumbList\",\"@id\":\"https:\/\/www.serhshotels.com\/es\/nosaltres\/#breadcrumb\",\"itemListElement\":[{\"@type\":\"ListItem\",\"position\":1,\"name\":\"Inici\",\"item\":\"https:\/\/www.serhshotels.com\/es\/\"},{\"@type\":\"ListItem\",\"position\":2,\"name\":\"Nosotros\"}]},{\"@type\":\"WebSite\",\"@id\":\"https:\/\/www.serhshotels.com\/es\/#website\",\"url\":\"https:\/\/www.serhshotels.com\/es\/\",\"name\":\"SERHS Hotels\",\"description\":\"Moments full of happiness\",\"publisher\":{\"@id\":\"https:\/\/www.serhshotels.com\/es\/#organization\"},\"potentialAction\":[{\"@type\":\"SearchAction\",\"target\":{\"@type\":\"EntryPoint\",\"urlTemplate\":\"https:\/\/www.serhshotels.com\/es\/?s={search_term_string}\"},\"query-input\":{\"@type\":\"PropertyValueSpecification\",\"valueRequired\":true,\"valueName\":\"search_term_string\"}}],\"inLanguage\":\"es\"},{\"@type\":\"Organization\",\"@id\":\"https:\/\/www.serhshotels.com\/es\/#organization\",\"name\":\"SERHS Hotels\",\"url\":\"https:\/\/www.serhshotels.com\/es\/\",\"logo\":{\"@type\":\"ImageObject\",\"inLanguage\":\"es\",\"@id\":\"https:\/\/www.serhshotels.com\/es\/#\/schema\/logo\/image\/\",\"url\":\"https:\/\/www.serhshotels.com\/wp-content\/uploads\/2023\/02\/logo-serhs-hotels.png\",\"contentUrl\":\"https:\/\/www.serhshotels.com\/wp-content\/uploads\/2023\/02\/logo-serhs-hotels.png\",\"width\":734,\"height\":250,\"caption\":\"SERHS Hotels\"},\"image\":{\"@id\":\"https:\/\/www.serhshotels.com\/es\/#\/schema\/logo\/image\/\"},\"sameAs\":[\"https:\/\/www.facebook.com\/hotelsserhs\/\",\"https:\/\/www.instagram.com\/serhshotels\/\",\"https:\/\/es.linkedin.com\/company\/serhshotels\",\"https:\/\/www.youtube.com\/@serhsTV\"]}]}<\/script>\n<!-- \/ Yoast SEO plugin. -->","yoast_head_json":{"title":"Nosotros | SERHS Hotels","robots":{"index":"index","follow":"follow","max-snippet":"max-snippet:-1","max-image-preview":"max-image-preview:large","max-video-preview":"max-video-preview:-1"},"canonical":"https:\/\/www.serhshotels.com\/es\/nosaltres\/","og_locale":"es_ES","og_type":"article","og_title":"Nosotros | SERHS Hotels","og_description":"Nosotros Desde una escapada en familia a Vilars Rurals, a un fin de semana cultural en Barcelona o unas vacaciones en un resort de playa: vive tu experiencia con SERHS Hotels. Con presencia en Catalu\u00f1a y Brasil, SERHS Hotels pone a su alcance con ocho establecimientos hoteleros pensados para que vacaciones, escapadas y celebraciones se [&hellip;]","og_url":"https:\/\/www.serhshotels.com\/es\/nosaltres\/","og_site_name":"SERHS Hotels","article_publisher":"https:\/\/www.facebook.com\/hotelsserhs\/","article_modified_time":"2026-02-23T21:09:26+00:00","twitter_card":"summary_large_image","twitter_misc":{"Tiempo de lectura":"1 minuto"},"schema":{"@context":"https:\/\/schema.org","@graph":[{"@type":"WebPage","@id":"https:\/\/www.serhshotels.com\/es\/nosaltres\/","url":"https:\/\/www.serhshotels.com\/es\/nosaltres\/","name":"Nosotros | SERHS Hotels","isPartOf":{"@id":"https:\/\/www.serhshotels.com\/es\/#website"},"datePublished":"2023-01-01T18:06:52+00:00","dateModified":"2026-02-23T21:09:26+00:00","breadcrumb":{"@id":"https:\/\/www.serhshotels.com\/es\/nosaltres\/#breadcrumb"},"inLanguage":"es","potentialAction":[{"@type":"ReadAction","target":["https:\/\/www.serhshotels.com\/es\/nosaltres\/"]}]},{"@type":"BreadcrumbList","@id":"https:\/\/www.serhshotels.com\/es\/nosaltres\/#breadcrumb","itemListElement":[{"@type":"ListItem","position":1,"name":"Inici","item":"https:\/\/www.serhshotels.com\/es\/"},{"@type":"ListItem","position":2,"name":"Nosotros"}]},{"@type":"WebSite","@id":"https:\/\/www.serhshotels.com\/es\/#website","url":"https:\/\/www.serhshotels.com\/es\/","name":"SERHS Hotels","description":"Moments full of happiness","publisher":{"@id":"https:\/\/www.serhshotels.com\/es\/#organization"},"potentialAction":[{"@type":"SearchAction","target":{"@type":"EntryPoint","urlTemplate":"https:\/\/www.serhshotels.com\/es\/?s={search_term_string}"},"query-input":{"@type":"PropertyValueSpecification","valueRequired":true,"valueName":"search_term_string"}}],"inLanguage":"es"},{"@type":"Organization","@id":"https:\/\/www.serhshotels.com\/es\/#organization","name":"SERHS Hotels","url":"https:\/\/www.serhshotels.com\/es\/","logo":{"@type":"ImageObject","inLanguage":"es","@id":"https:\/\/www.serhshotels.com\/es\/#\/schema\/logo\/image\/","url":"https:\/\/www.serhshotels.com\/wp-content\/uploads\/2023\/02\/logo-serhs-hotels.png","contentUrl":"https:\/\/www.serhshotels.com\/wp-content\/uploads\/2023\/02\/logo-serhs-hotels.png","width":734,"height":250,"caption":"SERHS Hotels"},"image":{"@id":"https:\/\/www.serhshotels.com\/es\/#\/schema\/logo\/image\/"},"sameAs":["https:\/\/www.facebook.com\/hotelsserhs\/","https:\/\/www.instagram.com\/serhshotels\/","https:\/\/es.linkedin.com\/company\/serhshotels","https:\/\/www.youtube.com\/@serhsTV"]}]}},"_links":{"self":[{"href":"https:\/\/www.serhshotels.com\/es\/wp-json\/wp\/v2\/pages\/720","targetHints":{"allow":["GET"]}}],"collection":[{"href":"https:\/\/www.serhshotels.com\/es\/wp-json\/wp\/v2\/pages"}],"about":[{"href":"https:\/\/www.serhshotels.com\/es\/wp-json\/wp\/v2\/types\/page"}],"author":[{"embeddable":true,"href":"https:\/\/www.serhshotels.com\/es\/wp-json\/wp\/v2\/users\/1"}],"replies":[{"embeddable":true,"href":"https:\/\/www.serhshotels.com\/es\/wp-json\/wp\/v2\/comments?post=720"}],"version-history":[{"count":4,"href":"https:\/\/www.serhshotels.com\/es\/wp-json\/wp\/v2\/pages\/720\/revisions"}],"predecessor-version":[{"id":5293,"href":"https:\/\/www.serhshotels.com\/es\/wp-json\/wp\/v2\/pages\/720\/revisions\/5293"}],"wp:attachment":[{"href":"https:\/\/www.serhshotels.com\/es\/wp-json\/wp\/v2\/media?parent=720"}],"curies":[{"name":"wp","href":"https:\/\/api.w.org\/{rel}","templated":true}]}}