{"id":700,"date":"2023-01-04T00:24:45","date_gmt":"2023-01-04T00:24:45","guid":{"rendered":"https:\/\/dev.serhshotels.com\/nota-legal\/"},"modified":"2025-01-20T09:59:30","modified_gmt":"2025-01-20T09:59:30","slug":"nota-legal","status":"publish","type":"page","link":"https:\/\/www.serhshotels.com\/es\/nota-legal\/","title":{"rendered":"Nota Legal"},"content":{"rendered":"\n<p class=\"has-text-align-center titulo-contacta-con-nosotros\">Nota Legal<\/p>\n\n\n\n<p><strong>Grup SERHS S.A.<\/strong>, responsable del sitio web, en adelante el RESPONSABLE, pone a disposici\u00f3n de los usuarios este documento, con el que se pretende dar cumplimiento a las obligaciones establecidas en la Ley 34\/2002, de 11 de julio, de Servicios de la Sociedad de la Informaci\u00f3n y de Comercio Electr\u00f3nico (LSSICE), BOE N.\u00ba 166, as\u00ed como informar a todos los usuarios del sitio web acerca de las condiciones de uso.<\/p>\n\n\n\n<p>Cualquier persona que acceda a este sitio web asume el papel de usuario, comprometi\u00e9ndose a la observancia y cumplimiento riguroso de las disposiciones aqu\u00ed establecidas, as\u00ed como a cualquier otra disposici\u00f3n legal que sea de aplicaci\u00f3n.<\/p>\n\n\n\n<p>Grup SERHS S.A. se reserva el derecho de modificar cualquier tipo de informaci\u00f3n que pueda aparecer en el sitio web, sin que exista obligaci\u00f3n de preavisar o poner en conocimiento de los usuarios dichas modificaciones, consider\u00e1ndose suficiente la publicaci\u00f3n en el sitio web de Grup SERHS S.A.<\/p>\n\n\n\n<p><strong>1. DATOS IDENTIFICATIVOS<\/strong><\/p>\n\n\n\n<ul class=\"wp-block-list\">\n<li><strong>Grup SERHS S.A.<\/strong><\/li>\n\n\n\n<li><strong>Nombre del dominio:<\/strong>\u00a0<a href=\"https:\/\/www.serhshotels.com\/es\/\">www.serhshotels.com<\/a><\/li>\n\n\n\n<li><strong>Domicilio social:<\/strong>&nbsp;C\/ Garb\u00ed, N\u00ba 88 &#8211; 90, 08397, Pineda de Mar (Barcelona)<\/li>\n\n\n\n<li><strong>Correo electr\u00f3nico:<\/strong>&nbsp;contact@serhshotels.com<\/li>\n<\/ul>\n\n\n\n<p><strong>2. DERECHOS DE PROPIEDAD INTELECTUAL E INDUSTRIAL<\/strong><\/p>\n\n\n\n<p>El sitio web, incluyendo a t\u00edtulo enunciativo pero no limitativo su programaci\u00f3n, edici\u00f3n, compilaci\u00f3n y otros elementos necesarios para su funcionamiento, los dise\u00f1os, logotipos, texto y\/o gr\u00e1ficos, son propiedad del RESPONSABLE o, en su caso, dispone de licencia o autorizaci\u00f3n expresa por parte de los autores. Todos los contenidos del sitio web est\u00e1n debidamente protegidos por la normativa de propiedad intelectual e industrial, as\u00ed como inscritos en los registros p\u00fablicos correspondientes.<\/p>\n\n\n\n<p>Cualquier uso no autorizado previamente por escrito, incluyendo la reproducci\u00f3n total o parcial, uso, explotaci\u00f3n, distribuci\u00f3n o comercializaci\u00f3n, ser\u00e1 considerado un incumplimiento grave de los derechos de propiedad intelectual o industrial del autor.<\/p>\n\n\n\n<p>Los dise\u00f1os, logotipos, texto y\/o gr\u00e1ficos ajenos al RESPONSABLE que puedan aparecer en el sitio web pertenecen a sus respectivos propietarios, siendo ellos mismos responsables de cualquier posible controversia que pudiera surgir. El RESPONSABLE autoriza expresamente a terceros a redirigir directamente a los contenidos espec\u00edficos del sitio web y, en todo caso, redirigir al sitio web principal\u00a0<a href=\"https:\/\/www.serhshotels.com\/es\/\">www.serhshotels.com<\/a>.<\/p>\n\n\n\n<p>Para realizar cualquier tipo de observaci\u00f3n sobre posibles incumplimientos de los derechos de propiedad intelectual o industrial, as\u00ed como sobre cualquiera de los contenidos del sitio web, puede hacerlo a trav\u00e9s del correo electr\u00f3nico contact@serhshotels.com.<\/p>\n\n\n\n<p><strong>3. EXENCI\u00d3N DE RESPONSABILIDAD<\/strong><\/p>\n\n\n\n<p>El RESPONSABLE se exime de cualquier tipo de responsabilidad derivada de la informaci\u00f3n publicada en su sitio web siempre que no tenga conocimiento efectivo de que dicha informaci\u00f3n haya sido manipulada o introducida por un tercero ajeno o, si lo tiene, haya actuado con diligencia para retirar los datos o impedir el acceso a ellos.<\/p>\n\n\n\n<p><strong>Uso de cookies<\/strong><br>Este sitio web puede utilizar cookies t\u00e9cnicas para llevar a cabo ciertas funciones consideradas imprescindibles para el correcto funcionamiento y visualizaci\u00f3n del sitio. Las cookies utilizadas tienen car\u00e1cter temporal y desaparecen al finalizar la sesi\u00f3n del usuario. En ning\u00fan caso proporcionan datos personales y no se utilizan para recopilar dicha informaci\u00f3n.<\/p>\n\n\n\n<p><strong>Pol\u00edtica de enlaces<\/strong><br>Desde el sitio web, es posible que se redirija a contenidos de terceros. El RESPONSABLE no asume ninguna responsabilidad por dichos contenidos, pero retirar\u00e1 de inmediato cualquier contenido que pueda infringir la legislaci\u00f3n.<\/p>\n\n\n\n<p><strong>Direcciones IP<\/strong><br>Los servidores del sitio web podr\u00e1n detectar autom\u00e1ticamente la direcci\u00f3n IP y el nombre de dominio utilizados por el usuario para fines estad\u00edsticos.<\/p>\n\n\n\n<p><strong>4. LEGISLACI\u00d3N APLICABLE Y JURISDICCI\u00d3N<\/strong><\/p>\n\n\n\n<p>Para la resoluci\u00f3n de controversias relacionadas con este sitio web o las actividades desarrolladas en \u00e9l, ser\u00e1 de aplicaci\u00f3n la legislaci\u00f3n espa\u00f1ola, y las partes se someten a los juzgados y tribunales del domicilio del USUARIO o lugar de cumplimiento de la obligaci\u00f3n.<\/p>\n","protected":false},"excerpt":{"rendered":"<p>Nota Legal Grup SERHS S.A., responsable del sitio web, en adelante el RESPONSABLE, pone a disposici\u00f3n de los usuarios este documento, con el que se pretende dar cumplimiento a las obligaciones establecidas en la Ley 34\/2002, de 11 de julio, de Servicios de la Sociedad de la Informaci\u00f3n y de Comercio Electr\u00f3nico (LSSICE), BOE N.\u00ba [&hellip;]<\/p>\n","protected":false},"author":1,"featured_media":0,"parent":0,"menu_order":0,"comment_status":"closed","ping_status":"closed","template":"","meta":{"_acf_changed":false,"footnotes":""},"class_list":["post-700","page","type-page","status-publish","hentry"],"acf":[],"yoast_head":"<!-- This site is optimized with the Yoast SEO plugin v26.3 - https:\/\/yoast.com\/wordpress\/plugins\/seo\/ -->\n<title>Nota Legal | SERHS Hotels<\/title>\n<meta name=\"robots\" content=\"noindex, nofollow\" \/>\n<meta property=\"og:locale\" content=\"es_ES\" \/>\n<meta property=\"og:type\" content=\"article\" \/>\n<meta property=\"og:title\" content=\"Nota Legal | SERHS Hotels\" \/>\n<meta property=\"og:description\" content=\"Nota Legal Grup SERHS S.A., responsable del sitio web, en adelante el RESPONSABLE, pone a disposici\u00f3n de los usuarios este documento, con el que se pretende dar cumplimiento a las obligaciones establecidas en la Ley 34\/2002, de 11 de julio, de Servicios de la Sociedad de la Informaci\u00f3n y de Comercio Electr\u00f3nico (LSSICE), BOE N.\u00ba [&hellip;]\" \/>\n<meta property=\"og:url\" content=\"https:\/\/www.serhshotels.com\/es\/nota-legal\/\" \/>\n<meta property=\"og:site_name\" content=\"SERHS Hotels\" \/>\n<meta property=\"article:publisher\" content=\"https:\/\/www.facebook.com\/hotelsserhs\/\" \/>\n<meta property=\"article:modified_time\" content=\"2025-01-20T09:59:30+00:00\" \/>\n<meta name=\"twitter:card\" content=\"summary_large_image\" \/>\n<meta name=\"twitter:label1\" content=\"Tiempo de lectura\" \/>\n\t<meta name=\"twitter:data1\" content=\"4 minutos\" \/>\n<script type=\"application\/ld+json\" class=\"yoast-schema-graph\">{\"@context\":\"https:\/\/schema.org\",\"@graph\":[{\"@type\":\"WebPage\",\"@id\":\"https:\/\/www.serhshotels.com\/es\/nota-legal\/\",\"url\":\"https:\/\/www.serhshotels.com\/es\/nota-legal\/\",\"name\":\"Nota Legal | SERHS Hotels\",\"isPartOf\":{\"@id\":\"https:\/\/www.serhshotels.com\/es\/#website\"},\"datePublished\":\"2023-01-04T00:24:45+00:00\",\"dateModified\":\"2025-01-20T09:59:30+00:00\",\"breadcrumb\":{\"@id\":\"https:\/\/www.serhshotels.com\/es\/nota-legal\/#breadcrumb\"},\"inLanguage\":\"es\",\"potentialAction\":[{\"@type\":\"ReadAction\",\"target\":[\"https:\/\/www.serhshotels.com\/es\/nota-legal\/\"]}]},{\"@type\":\"BreadcrumbList\",\"@id\":\"https:\/\/www.serhshotels.com\/es\/nota-legal\/#breadcrumb\",\"itemListElement\":[{\"@type\":\"ListItem\",\"position\":1,\"name\":\"Inici\",\"item\":\"https:\/\/www.serhshotels.com\/es\/\"},{\"@type\":\"ListItem\",\"position\":2,\"name\":\"Nota Legal\"}]},{\"@type\":\"WebSite\",\"@id\":\"https:\/\/www.serhshotels.com\/es\/#website\",\"url\":\"https:\/\/www.serhshotels.com\/es\/\",\"name\":\"SERHS Hotels\",\"description\":\"Moments full of happiness\",\"publisher\":{\"@id\":\"https:\/\/www.serhshotels.com\/es\/#organization\"},\"potentialAction\":[{\"@type\":\"SearchAction\",\"target\":{\"@type\":\"EntryPoint\",\"urlTemplate\":\"https:\/\/www.serhshotels.com\/es\/?s={search_term_string}\"},\"query-input\":{\"@type\":\"PropertyValueSpecification\",\"valueRequired\":true,\"valueName\":\"search_term_string\"}}],\"inLanguage\":\"es\"},{\"@type\":\"Organization\",\"@id\":\"https:\/\/www.serhshotels.com\/es\/#organization\",\"name\":\"SERHS Hotels\",\"url\":\"https:\/\/www.serhshotels.com\/es\/\",\"logo\":{\"@type\":\"ImageObject\",\"inLanguage\":\"es\",\"@id\":\"https:\/\/www.serhshotels.com\/es\/#\/schema\/logo\/image\/\",\"url\":\"https:\/\/www.serhshotels.com\/wp-content\/uploads\/2023\/02\/logo-serhs-hotels.png\",\"contentUrl\":\"https:\/\/www.serhshotels.com\/wp-content\/uploads\/2023\/02\/logo-serhs-hotels.png\",\"width\":734,\"height\":250,\"caption\":\"SERHS Hotels\"},\"image\":{\"@id\":\"https:\/\/www.serhshotels.com\/es\/#\/schema\/logo\/image\/\"},\"sameAs\":[\"https:\/\/www.facebook.com\/hotelsserhs\/\",\"https:\/\/www.instagram.com\/serhshotels\/\",\"https:\/\/es.linkedin.com\/company\/serhshotels\",\"https:\/\/www.youtube.com\/@serhsTV\"]}]}<\/script>\n<!-- \/ Yoast SEO plugin. -->","yoast_head_json":{"title":"Nota Legal | SERHS Hotels","robots":{"index":"noindex","follow":"nofollow"},"og_locale":"es_ES","og_type":"article","og_title":"Nota Legal | SERHS Hotels","og_description":"Nota Legal Grup SERHS S.A., responsable del sitio web, en adelante el RESPONSABLE, pone a disposici\u00f3n de los usuarios este documento, con el que se pretende dar cumplimiento a las obligaciones establecidas en la Ley 34\/2002, de 11 de julio, de Servicios de la Sociedad de la Informaci\u00f3n y de Comercio Electr\u00f3nico (LSSICE), BOE N.\u00ba [&hellip;]","og_url":"https:\/\/www.serhshotels.com\/es\/nota-legal\/","og_site_name":"SERHS Hotels","article_publisher":"https:\/\/www.facebook.com\/hotelsserhs\/","article_modified_time":"2025-01-20T09:59:30+00:00","twitter_card":"summary_large_image","twitter_misc":{"Tiempo de lectura":"4 minutos"},"schema":{"@context":"https:\/\/schema.org","@graph":[{"@type":"WebPage","@id":"https:\/\/www.serhshotels.com\/es\/nota-legal\/","url":"https:\/\/www.serhshotels.com\/es\/nota-legal\/","name":"Nota Legal | SERHS Hotels","isPartOf":{"@id":"https:\/\/www.serhshotels.com\/es\/#website"},"datePublished":"2023-01-04T00:24:45+00:00","dateModified":"2025-01-20T09:59:30+00:00","breadcrumb":{"@id":"https:\/\/www.serhshotels.com\/es\/nota-legal\/#breadcrumb"},"inLanguage":"es","potentialAction":[{"@type":"ReadAction","target":["https:\/\/www.serhshotels.com\/es\/nota-legal\/"]}]},{"@type":"BreadcrumbList","@id":"https:\/\/www.serhshotels.com\/es\/nota-legal\/#breadcrumb","itemListElement":[{"@type":"ListItem","position":1,"name":"Inici","item":"https:\/\/www.serhshotels.com\/es\/"},{"@type":"ListItem","position":2,"name":"Nota Legal"}]},{"@type":"WebSite","@id":"https:\/\/www.serhshotels.com\/es\/#website","url":"https:\/\/www.serhshotels.com\/es\/","name":"SERHS Hotels","description":"Moments full of happiness","publisher":{"@id":"https:\/\/www.serhshotels.com\/es\/#organization"},"potentialAction":[{"@type":"SearchAction","target":{"@type":"EntryPoint","urlTemplate":"https:\/\/www.serhshotels.com\/es\/?s={search_term_string}"},"query-input":{"@type":"PropertyValueSpecification","valueRequired":true,"valueName":"search_term_string"}}],"inLanguage":"es"},{"@type":"Organization","@id":"https:\/\/www.serhshotels.com\/es\/#organization","name":"SERHS Hotels","url":"https:\/\/www.serhshotels.com\/es\/","logo":{"@type":"ImageObject","inLanguage":"es","@id":"https:\/\/www.serhshotels.com\/es\/#\/schema\/logo\/image\/","url":"https:\/\/www.serhshotels.com\/wp-content\/uploads\/2023\/02\/logo-serhs-hotels.png","contentUrl":"https:\/\/www.serhshotels.com\/wp-content\/uploads\/2023\/02\/logo-serhs-hotels.png","width":734,"height":250,"caption":"SERHS Hotels"},"image":{"@id":"https:\/\/www.serhshotels.com\/es\/#\/schema\/logo\/image\/"},"sameAs":["https:\/\/www.facebook.com\/hotelsserhs\/","https:\/\/www.instagram.com\/serhshotels\/","https:\/\/es.linkedin.com\/company\/serhshotels","https:\/\/www.youtube.com\/@serhsTV"]}]}},"_links":{"self":[{"href":"https:\/\/www.serhshotels.com\/es\/wp-json\/wp\/v2\/pages\/700","targetHints":{"allow":["GET"]}}],"collection":[{"href":"https:\/\/www.serhshotels.com\/es\/wp-json\/wp\/v2\/pages"}],"about":[{"href":"https:\/\/www.serhshotels.com\/es\/wp-json\/wp\/v2\/types\/page"}],"author":[{"embeddable":true,"href":"https:\/\/www.serhshotels.com\/es\/wp-json\/wp\/v2\/users\/1"}],"replies":[{"embeddable":true,"href":"https:\/\/www.serhshotels.com\/es\/wp-json\/wp\/v2\/comments?post=700"}],"version-history":[{"count":10,"href":"https:\/\/www.serhshotels.com\/es\/wp-json\/wp\/v2\/pages\/700\/revisions"}],"predecessor-version":[{"id":4190,"href":"https:\/\/www.serhshotels.com\/es\/wp-json\/wp\/v2\/pages\/700\/revisions\/4190"}],"wp:attachment":[{"href":"https:\/\/www.serhshotels.com\/es\/wp-json\/wp\/v2\/media?parent=700"}],"curies":[{"name":"wp","href":"https:\/\/api.w.org\/{rel}","templated":true}]}}