{"id":645,"date":"2023-01-02T01:36:01","date_gmt":"2023-01-02T01:36:01","guid":{"rendered":"https:\/\/dev.serhshotels.com\/corportae-events\/"},"modified":"2023-02-08T12:05:40","modified_gmt":"2023-02-08T12:05:40","slug":"corportae-events","status":"publish","type":"page","link":"https:\/\/www.serhshotels.com\/es\/corportae-events\/","title":{"rendered":"Corporate &#038; events"},"content":{"rendered":"\n<p class=\"has-text-align-center titulo-contacta-con-nosotros\">Corporate &amp; Events<\/p>\n\n\n\n<p>Experiencia, instalaciones, salas de reuniones y tecnolog\u00eda necesarias para el \u00e9xito de los eventos.<\/p>\n\n\n\n<p>Especialistas en la organizaci\u00f3n y planificaci\u00f3n de todo tipo de eventos, convenciones, congresos, reuniones, seminarios e incentivos para convertirlos en una experiencia \u00fanica y hecha a medida. Ponemos a disposici\u00f3n de nuestros clientes nuestro equipo humano y toda su experiencia, instalaciones, salas de reuniones y tecnolog\u00eda necesaria para el \u00e9xito de sus eventos.<\/p>\n\n\n\n<p>Somos un grupo hotelero con un amplio abanico de posibilidades, desde un peque\u00f1o pueblo rural en exclusiva para su evento, hasta instalaciones con ofertas complementarias \u00fanicas: Spa, instalaciones deportivas, emplazamientos ideales y vistas privilegiadas de, entre otros sitios, Barcelona. Nos ponemos al servicio de las necesidades de cada cliente; nos caracteriza nuestra flexibilidad y capacidad de adaptaci\u00f3n, que son fundamentales para que el cliente cumpla con los objetivos.<\/p>\n\n\n<!div class=\"imagen-sostinibilidad verDesktop\" style=\"image: url('https:\/\/www.serhshotels.com\/wp-content\/uploads\/2023\/02\/Eventos3.jpg-1.png')\"><\/div>\n<img decoding=\"async\" class=\"imagen-sostinibilidad verDesktop\" src=\"https:\/\/www.serhshotels.com\/wp-content\/uploads\/2023\/02\/Eventos3.jpg-1.png\">\n<img decoding=\"async\" class=\"imagen-sostinibilidad verMovil\" src=\"https:\/\/www.serhshotels.com\/wp-content\/uploads\/2023\/02\/IMG-20230130-WA0047-1.jpg\">\t\t<style>.imagen-sostinibilidad{\n    width: 100%;\n    height: 100%;\n    margin:0 auto;\n    margin-top: 40px;\n    margin-bottom: -6px;\n}\n.home .imagen-sostinibilidad {\n\tmargin-top: 0px;\n}<\/style>\n\t\t","protected":false},"excerpt":{"rendered":"<p>Corporate &amp; Events Experiencia, instalaciones, salas de reuniones y tecnolog\u00eda necesarias para el \u00e9xito de los eventos. Especialistas en la organizaci\u00f3n y planificaci\u00f3n de todo tipo de eventos, convenciones, congresos, reuniones, seminarios e incentivos para convertirlos en una experiencia \u00fanica y hecha a medida. Ponemos a disposici\u00f3n de nuestros clientes nuestro equipo humano y toda [&hellip;]<\/p>\n","protected":false},"author":1,"featured_media":0,"parent":0,"menu_order":0,"comment_status":"closed","ping_status":"closed","template":"","meta":{"_acf_changed":false,"footnotes":""},"class_list":["post-645","page","type-page","status-publish","hentry"],"acf":[],"yoast_head":"<!-- This site is optimized with the Yoast SEO plugin v26.3 - https:\/\/yoast.com\/wordpress\/plugins\/seo\/ -->\n<title>Corporate &amp; events | SERHS Hotels<\/title>\n<meta name=\"robots\" content=\"index, follow, max-snippet:-1, max-image-preview:large, max-video-preview:-1\" \/>\n<link rel=\"canonical\" href=\"https:\/\/www.serhshotels.com\/es\/corportae-events\/\" \/>\n<meta property=\"og:locale\" content=\"es_ES\" \/>\n<meta property=\"og:type\" content=\"article\" \/>\n<meta property=\"og:title\" content=\"Corporate &amp; events | SERHS Hotels\" \/>\n<meta property=\"og:description\" content=\"Corporate &amp; Events Experiencia, instalaciones, salas de reuniones y tecnolog\u00eda necesarias para el \u00e9xito de los eventos. Especialistas en la organizaci\u00f3n y planificaci\u00f3n de todo tipo de eventos, convenciones, congresos, reuniones, seminarios e incentivos para convertirlos en una experiencia \u00fanica y hecha a medida. Ponemos a disposici\u00f3n de nuestros clientes nuestro equipo humano y toda [&hellip;]\" \/>\n<meta property=\"og:url\" content=\"https:\/\/www.serhshotels.com\/es\/corportae-events\/\" \/>\n<meta property=\"og:site_name\" content=\"SERHS Hotels\" \/>\n<meta property=\"article:publisher\" content=\"https:\/\/www.facebook.com\/hotelsserhs\/\" \/>\n<meta property=\"article:modified_time\" content=\"2023-02-08T12:05:40+00:00\" \/>\n<meta name=\"twitter:card\" content=\"summary_large_image\" \/>\n<meta name=\"twitter:label1\" content=\"Tiempo de lectura\" \/>\n\t<meta name=\"twitter:data1\" content=\"1 minuto\" \/>\n<script type=\"application\/ld+json\" class=\"yoast-schema-graph\">{\"@context\":\"https:\/\/schema.org\",\"@graph\":[{\"@type\":\"WebPage\",\"@id\":\"https:\/\/www.serhshotels.com\/es\/corportae-events\/\",\"url\":\"https:\/\/www.serhshotels.com\/es\/corportae-events\/\",\"name\":\"Corporate & events | SERHS Hotels\",\"isPartOf\":{\"@id\":\"https:\/\/www.serhshotels.com\/es\/#website\"},\"datePublished\":\"2023-01-02T01:36:01+00:00\",\"dateModified\":\"2023-02-08T12:05:40+00:00\",\"breadcrumb\":{\"@id\":\"https:\/\/www.serhshotels.com\/es\/corportae-events\/#breadcrumb\"},\"inLanguage\":\"es\",\"potentialAction\":[{\"@type\":\"ReadAction\",\"target\":[\"https:\/\/www.serhshotels.com\/es\/corportae-events\/\"]}]},{\"@type\":\"BreadcrumbList\",\"@id\":\"https:\/\/www.serhshotels.com\/es\/corportae-events\/#breadcrumb\",\"itemListElement\":[{\"@type\":\"ListItem\",\"position\":1,\"name\":\"Inici\",\"item\":\"https:\/\/www.serhshotels.com\/es\/\"},{\"@type\":\"ListItem\",\"position\":2,\"name\":\"Corporate &#038; events\"}]},{\"@type\":\"WebSite\",\"@id\":\"https:\/\/www.serhshotels.com\/es\/#website\",\"url\":\"https:\/\/www.serhshotels.com\/es\/\",\"name\":\"SERHS Hotels\",\"description\":\"Moments full of happiness\",\"publisher\":{\"@id\":\"https:\/\/www.serhshotels.com\/es\/#organization\"},\"potentialAction\":[{\"@type\":\"SearchAction\",\"target\":{\"@type\":\"EntryPoint\",\"urlTemplate\":\"https:\/\/www.serhshotels.com\/es\/?s={search_term_string}\"},\"query-input\":{\"@type\":\"PropertyValueSpecification\",\"valueRequired\":true,\"valueName\":\"search_term_string\"}}],\"inLanguage\":\"es\"},{\"@type\":\"Organization\",\"@id\":\"https:\/\/www.serhshotels.com\/es\/#organization\",\"name\":\"SERHS Hotels\",\"url\":\"https:\/\/www.serhshotels.com\/es\/\",\"logo\":{\"@type\":\"ImageObject\",\"inLanguage\":\"es\",\"@id\":\"https:\/\/www.serhshotels.com\/es\/#\/schema\/logo\/image\/\",\"url\":\"https:\/\/www.serhshotels.com\/wp-content\/uploads\/2023\/02\/logo-serhs-hotels.png\",\"contentUrl\":\"https:\/\/www.serhshotels.com\/wp-content\/uploads\/2023\/02\/logo-serhs-hotels.png\",\"width\":734,\"height\":250,\"caption\":\"SERHS Hotels\"},\"image\":{\"@id\":\"https:\/\/www.serhshotels.com\/es\/#\/schema\/logo\/image\/\"},\"sameAs\":[\"https:\/\/www.facebook.com\/hotelsserhs\/\",\"https:\/\/www.instagram.com\/serhshotels\/\",\"https:\/\/es.linkedin.com\/company\/serhshotels\",\"https:\/\/www.youtube.com\/@serhsTV\"]}]}<\/script>\n<!-- \/ Yoast SEO plugin. -->","yoast_head_json":{"title":"Corporate & events | SERHS Hotels","robots":{"index":"index","follow":"follow","max-snippet":"max-snippet:-1","max-image-preview":"max-image-preview:large","max-video-preview":"max-video-preview:-1"},"canonical":"https:\/\/www.serhshotels.com\/es\/corportae-events\/","og_locale":"es_ES","og_type":"article","og_title":"Corporate & events | SERHS Hotels","og_description":"Corporate &amp; Events Experiencia, instalaciones, salas de reuniones y tecnolog\u00eda necesarias para el \u00e9xito de los eventos. Especialistas en la organizaci\u00f3n y planificaci\u00f3n de todo tipo de eventos, convenciones, congresos, reuniones, seminarios e incentivos para convertirlos en una experiencia \u00fanica y hecha a medida. Ponemos a disposici\u00f3n de nuestros clientes nuestro equipo humano y toda [&hellip;]","og_url":"https:\/\/www.serhshotels.com\/es\/corportae-events\/","og_site_name":"SERHS Hotels","article_publisher":"https:\/\/www.facebook.com\/hotelsserhs\/","article_modified_time":"2023-02-08T12:05:40+00:00","twitter_card":"summary_large_image","twitter_misc":{"Tiempo de lectura":"1 minuto"},"schema":{"@context":"https:\/\/schema.org","@graph":[{"@type":"WebPage","@id":"https:\/\/www.serhshotels.com\/es\/corportae-events\/","url":"https:\/\/www.serhshotels.com\/es\/corportae-events\/","name":"Corporate & events | SERHS Hotels","isPartOf":{"@id":"https:\/\/www.serhshotels.com\/es\/#website"},"datePublished":"2023-01-02T01:36:01+00:00","dateModified":"2023-02-08T12:05:40+00:00","breadcrumb":{"@id":"https:\/\/www.serhshotels.com\/es\/corportae-events\/#breadcrumb"},"inLanguage":"es","potentialAction":[{"@type":"ReadAction","target":["https:\/\/www.serhshotels.com\/es\/corportae-events\/"]}]},{"@type":"BreadcrumbList","@id":"https:\/\/www.serhshotels.com\/es\/corportae-events\/#breadcrumb","itemListElement":[{"@type":"ListItem","position":1,"name":"Inici","item":"https:\/\/www.serhshotels.com\/es\/"},{"@type":"ListItem","position":2,"name":"Corporate &#038; events"}]},{"@type":"WebSite","@id":"https:\/\/www.serhshotels.com\/es\/#website","url":"https:\/\/www.serhshotels.com\/es\/","name":"SERHS Hotels","description":"Moments full of happiness","publisher":{"@id":"https:\/\/www.serhshotels.com\/es\/#organization"},"potentialAction":[{"@type":"SearchAction","target":{"@type":"EntryPoint","urlTemplate":"https:\/\/www.serhshotels.com\/es\/?s={search_term_string}"},"query-input":{"@type":"PropertyValueSpecification","valueRequired":true,"valueName":"search_term_string"}}],"inLanguage":"es"},{"@type":"Organization","@id":"https:\/\/www.serhshotels.com\/es\/#organization","name":"SERHS Hotels","url":"https:\/\/www.serhshotels.com\/es\/","logo":{"@type":"ImageObject","inLanguage":"es","@id":"https:\/\/www.serhshotels.com\/es\/#\/schema\/logo\/image\/","url":"https:\/\/www.serhshotels.com\/wp-content\/uploads\/2023\/02\/logo-serhs-hotels.png","contentUrl":"https:\/\/www.serhshotels.com\/wp-content\/uploads\/2023\/02\/logo-serhs-hotels.png","width":734,"height":250,"caption":"SERHS Hotels"},"image":{"@id":"https:\/\/www.serhshotels.com\/es\/#\/schema\/logo\/image\/"},"sameAs":["https:\/\/www.facebook.com\/hotelsserhs\/","https:\/\/www.instagram.com\/serhshotels\/","https:\/\/es.linkedin.com\/company\/serhshotels","https:\/\/www.youtube.com\/@serhsTV"]}]}},"_links":{"self":[{"href":"https:\/\/www.serhshotels.com\/es\/wp-json\/wp\/v2\/pages\/645","targetHints":{"allow":["GET"]}}],"collection":[{"href":"https:\/\/www.serhshotels.com\/es\/wp-json\/wp\/v2\/pages"}],"about":[{"href":"https:\/\/www.serhshotels.com\/es\/wp-json\/wp\/v2\/types\/page"}],"author":[{"embeddable":true,"href":"https:\/\/www.serhshotels.com\/es\/wp-json\/wp\/v2\/users\/1"}],"replies":[{"embeddable":true,"href":"https:\/\/www.serhshotels.com\/es\/wp-json\/wp\/v2\/comments?post=645"}],"version-history":[{"count":8,"href":"https:\/\/www.serhshotels.com\/es\/wp-json\/wp\/v2\/pages\/645\/revisions"}],"predecessor-version":[{"id":1811,"href":"https:\/\/www.serhshotels.com\/es\/wp-json\/wp\/v2\/pages\/645\/revisions\/1811"}],"wp:attachment":[{"href":"https:\/\/www.serhshotels.com\/es\/wp-json\/wp\/v2\/media?parent=645"}],"curies":[{"name":"wp","href":"https:\/\/api.w.org\/{rel}","templated":true}]}}