{"id":629,"date":"2023-01-02T05:12:00","date_gmt":"2023-01-02T05:12:00","guid":{"rendered":"https:\/\/dev.serhshotels.com\/consulting-management\/"},"modified":"2023-01-27T16:19:28","modified_gmt":"2023-01-27T16:19:28","slug":"consulting-management","status":"publish","type":"page","link":"https:\/\/www.serhshotels.com\/es\/consulting-management\/","title":{"rendered":"Consulting &#038; management"},"content":{"rendered":"\n<p class=\"has-text-align-center titulo-contacta-con-nosotros\">Consulting &amp; management<\/p>\n\n\n\n<p>Experiencia, procesos y operativas enfocadas a dar servicio de alto valor a\u00f1adido a la gesti\u00f3n de hoteles propios y de otros propietarios.<\/p>\n\n\n\n<p>Ante el actual escenario de bajada de rentabilidad econ\u00f3mica de muchos activos hoteleros, aparecen diferentes opciones: seguir luchando como un hotel independiente, intentar vender el hotel o ceder la gesti\u00f3n a un tercero.<\/p>\n\n\n\n<p>Actualmente est\u00e1 tomando bastante una f\u00f3rmula que permite mejorar la rentabilidad del hotel y dejarlo en una situaci\u00f3n mejor para el futuro inmediato: el contrato de MANAGEMENT HOTELER (o tambi\u00e9n conocido como contrato de gesti\u00f3n), que permite al propietario seguir manteniendo la propiedad del hotel. En este caso, el propietario se olvida de la gesti\u00f3n y de las dificultades del d\u00eda a d\u00eda del hotel y le deja en manos de un grupo hotelero que mejorar\u00e1 la rentabilidad y para dar mayor valor a su activo.<\/p>\n\n\n<!div class=\"imagen-sostinibilidad verDesktop\" style=\"image: url('https:\/\/www.serhshotels.com\/wp-content\/uploads\/2023\/01\/Consulting_SERHS_Hotels_2400x689px.jpg')\"><\/div>\n<img decoding=\"async\" class=\"imagen-sostinibilidad verDesktop\" src=\"https:\/\/www.serhshotels.com\/wp-content\/uploads\/2023\/01\/Consulting_SERHS_Hotels_2400x689px.jpg\">\n<img decoding=\"async\" class=\"imagen-sostinibilidad verMovil\" src=\"https:\/\/www.serhshotels.com\/wp-content\/uploads\/2023\/01\/Consulting-Hotel-SERHS-x-mobil-1.jpg\">\t\t<style>.imagen-sostinibilidad{\n    width: 100%;\n    height: 100%;\n    margin:0 auto;\n    margin-top: 40px;\n    margin-bottom: -6px;\n}\n.home .imagen-sostinibilidad {\n\tmargin-top: 0px;\n}<\/style>\n\t\t\n\n\n<div class=\"wp-block-cover anchura-texto\"><span aria-hidden=\"true\" class=\"wp-block-cover__background has-background-dim-100 has-background-dim\" style=\"background-color:#6b6a64\"><\/span><div class=\"wp-block-cover__inner-container is-layout-flow wp-block-cover-is-layout-flow\">\n<p>MODELO DE GESTI\u00d3N SERHS HOTELS<\/p>\n\n\n\n<p>SERHS Hotels ha basado el modelo de negocio en la especializaci\u00f3n y la metodolog\u00eda propia. Adherimos toda la experiencia, los procesos y las operativas de SERHS, y le enfocamos en dar servicios de alto valor a\u00f1adido a la gesti\u00f3n de hoteles propios y de otros propietarios que conf\u00edan en el modelo SERHS.<\/p>\n\n\n\n<p>SERHS Hotels Consulting &amp; Management es una unidad de apoyo al hotelero, que pretende no s\u00f3lo asesorar en la gesti\u00f3n y direcci\u00f3n de los establecimientos hoteleros, sino tambi\u00e9n tomar la responsabilidad integral en la gesti\u00f3n de los hoteles, a todos los niveles:<\/p>\n\n\n\n<ul class=\"wp-block-list\">\n<li>Operativo: recursos humanos, procedimientos de trabajo, indicadores de gesti\u00f3n, F&amp;B, t\u00e9cnico, etc.<\/li>\n\n\n\n<li>Comercial y Marketing: canales tradicionales y online, mercado nacional y mercados internacionales y emergentes.<\/li>\n\n\n\n<li>Organizaci\u00f3n, administraci\u00f3n y control: administraci\u00f3n, financiero, laboral, PRL, etc.<\/li>\n<\/ul>\n\n\n\n<p>DIFERENTES SERVICIOS EN LA GESTI\u00d3N HOTELERA <\/p>\n\n\n\n<p>Disponemos de una estructura humana consolidada, con experiencia y muy conocedora y especializada en la gesti\u00f3n de activos hoteleros de distintos tipos. Aprovechamos las sinergias de pertenecer a SERHS para ofrecer servicios a la gesti\u00f3n hotelera en t\u00e9rminos de:<\/p>\n\n\n\n<ul class=\"wp-block-list\">\n<li>Relaci\u00f3n con propietarios y reuniones peri\u00f3dicas de seguimiento.<\/li>\n\n\n\n<li>Asesoramiento estrat\u00e9gico y consultor\u00eda.<\/li>\n\n\n\n<li>Business Recovery.<\/li>\n\n\n\n<li>Direcci\u00f3n y gesti\u00f3n del d\u00eda a d\u00eda del establecimiento (Operaciones, Administraci\u00f3n y Finanzas).<\/li>\n\n\n\n<li>Comercializaci\u00f3n (nacional e internacional, online y offline).<\/li>\n\n\n\n<li>Marketing.<\/li>\n\n\n\n<li>Compras, aprovisionamientos y suministros.<\/li>\n\n\n\n<li>Nuevas tecnolog\u00edas de gesti\u00f3n.<\/li>\n\n\n\n<li>Recursos humanos, Relaciones laborales, Selecci\u00f3n y Formaci\u00f3n de personal, PRL.<\/li>\n\n\n\n<li>Procedimientos de trabajo.<\/li>\n<\/ul>\n<\/div><\/div>\n","protected":false},"excerpt":{"rendered":"<p>Consulting &amp; management Experiencia, procesos y operativas enfocadas a dar servicio de alto valor a\u00f1adido a la gesti\u00f3n de hoteles propios y de otros propietarios. Ante el actual escenario de bajada de rentabilidad econ\u00f3mica de muchos activos hoteleros, aparecen diferentes opciones: seguir luchando como un hotel independiente, intentar vender el hotel o ceder la gesti\u00f3n [&hellip;]<\/p>\n","protected":false},"author":1,"featured_media":0,"parent":0,"menu_order":0,"comment_status":"closed","ping_status":"closed","template":"","meta":{"_acf_changed":false,"footnotes":""},"class_list":["post-629","page","type-page","status-publish","hentry"],"acf":[],"yoast_head":"<!-- This site is optimized with the Yoast SEO plugin v26.3 - https:\/\/yoast.com\/wordpress\/plugins\/seo\/ -->\n<title>Consulting &amp; management | SERHS Hotels<\/title>\n<meta name=\"robots\" content=\"index, follow, max-snippet:-1, max-image-preview:large, max-video-preview:-1\" \/>\n<link rel=\"canonical\" href=\"https:\/\/www.serhshotels.com\/es\/consulting-management\/\" \/>\n<meta property=\"og:locale\" content=\"es_ES\" \/>\n<meta property=\"og:type\" content=\"article\" \/>\n<meta property=\"og:title\" content=\"Consulting &amp; management | SERHS Hotels\" \/>\n<meta property=\"og:description\" content=\"Consulting &amp; management Experiencia, procesos y operativas enfocadas a dar servicio de alto valor a\u00f1adido a la gesti\u00f3n de hoteles propios y de otros propietarios. Ante el actual escenario de bajada de rentabilidad econ\u00f3mica de muchos activos hoteleros, aparecen diferentes opciones: seguir luchando como un hotel independiente, intentar vender el hotel o ceder la gesti\u00f3n [&hellip;]\" \/>\n<meta property=\"og:url\" content=\"https:\/\/www.serhshotels.com\/es\/consulting-management\/\" \/>\n<meta property=\"og:site_name\" content=\"SERHS Hotels\" \/>\n<meta property=\"article:publisher\" content=\"https:\/\/www.facebook.com\/hotelsserhs\/\" \/>\n<meta property=\"article:modified_time\" content=\"2023-01-27T16:19:28+00:00\" \/>\n<meta name=\"twitter:card\" content=\"summary_large_image\" \/>\n<meta name=\"twitter:label1\" content=\"Tiempo de lectura\" \/>\n\t<meta name=\"twitter:data1\" content=\"2 minutos\" \/>\n<script type=\"application\/ld+json\" class=\"yoast-schema-graph\">{\"@context\":\"https:\/\/schema.org\",\"@graph\":[{\"@type\":\"WebPage\",\"@id\":\"https:\/\/www.serhshotels.com\/es\/consulting-management\/\",\"url\":\"https:\/\/www.serhshotels.com\/es\/consulting-management\/\",\"name\":\"Consulting & management | SERHS Hotels\",\"isPartOf\":{\"@id\":\"https:\/\/www.serhshotels.com\/es\/#website\"},\"datePublished\":\"2023-01-02T05:12:00+00:00\",\"dateModified\":\"2023-01-27T16:19:28+00:00\",\"breadcrumb\":{\"@id\":\"https:\/\/www.serhshotels.com\/es\/consulting-management\/#breadcrumb\"},\"inLanguage\":\"es\",\"potentialAction\":[{\"@type\":\"ReadAction\",\"target\":[\"https:\/\/www.serhshotels.com\/es\/consulting-management\/\"]}]},{\"@type\":\"BreadcrumbList\",\"@id\":\"https:\/\/www.serhshotels.com\/es\/consulting-management\/#breadcrumb\",\"itemListElement\":[{\"@type\":\"ListItem\",\"position\":1,\"name\":\"Inici\",\"item\":\"https:\/\/www.serhshotels.com\/es\/\"},{\"@type\":\"ListItem\",\"position\":2,\"name\":\"Consulting &#038; management\"}]},{\"@type\":\"WebSite\",\"@id\":\"https:\/\/www.serhshotels.com\/es\/#website\",\"url\":\"https:\/\/www.serhshotels.com\/es\/\",\"name\":\"SERHS Hotels\",\"description\":\"Moments full of happiness\",\"publisher\":{\"@id\":\"https:\/\/www.serhshotels.com\/es\/#organization\"},\"potentialAction\":[{\"@type\":\"SearchAction\",\"target\":{\"@type\":\"EntryPoint\",\"urlTemplate\":\"https:\/\/www.serhshotels.com\/es\/?s={search_term_string}\"},\"query-input\":{\"@type\":\"PropertyValueSpecification\",\"valueRequired\":true,\"valueName\":\"search_term_string\"}}],\"inLanguage\":\"es\"},{\"@type\":\"Organization\",\"@id\":\"https:\/\/www.serhshotels.com\/es\/#organization\",\"name\":\"SERHS Hotels\",\"url\":\"https:\/\/www.serhshotels.com\/es\/\",\"logo\":{\"@type\":\"ImageObject\",\"inLanguage\":\"es\",\"@id\":\"https:\/\/www.serhshotels.com\/es\/#\/schema\/logo\/image\/\",\"url\":\"https:\/\/www.serhshotels.com\/wp-content\/uploads\/2023\/02\/logo-serhs-hotels.png\",\"contentUrl\":\"https:\/\/www.serhshotels.com\/wp-content\/uploads\/2023\/02\/logo-serhs-hotels.png\",\"width\":734,\"height\":250,\"caption\":\"SERHS Hotels\"},\"image\":{\"@id\":\"https:\/\/www.serhshotels.com\/es\/#\/schema\/logo\/image\/\"},\"sameAs\":[\"https:\/\/www.facebook.com\/hotelsserhs\/\",\"https:\/\/www.instagram.com\/serhshotels\/\",\"https:\/\/es.linkedin.com\/company\/serhshotels\",\"https:\/\/www.youtube.com\/@serhsTV\"]}]}<\/script>\n<!-- \/ Yoast SEO plugin. -->","yoast_head_json":{"title":"Consulting & management | SERHS Hotels","robots":{"index":"index","follow":"follow","max-snippet":"max-snippet:-1","max-image-preview":"max-image-preview:large","max-video-preview":"max-video-preview:-1"},"canonical":"https:\/\/www.serhshotels.com\/es\/consulting-management\/","og_locale":"es_ES","og_type":"article","og_title":"Consulting & management | SERHS Hotels","og_description":"Consulting &amp; management Experiencia, procesos y operativas enfocadas a dar servicio de alto valor a\u00f1adido a la gesti\u00f3n de hoteles propios y de otros propietarios. Ante el actual escenario de bajada de rentabilidad econ\u00f3mica de muchos activos hoteleros, aparecen diferentes opciones: seguir luchando como un hotel independiente, intentar vender el hotel o ceder la gesti\u00f3n [&hellip;]","og_url":"https:\/\/www.serhshotels.com\/es\/consulting-management\/","og_site_name":"SERHS Hotels","article_publisher":"https:\/\/www.facebook.com\/hotelsserhs\/","article_modified_time":"2023-01-27T16:19:28+00:00","twitter_card":"summary_large_image","twitter_misc":{"Tiempo de lectura":"2 minutos"},"schema":{"@context":"https:\/\/schema.org","@graph":[{"@type":"WebPage","@id":"https:\/\/www.serhshotels.com\/es\/consulting-management\/","url":"https:\/\/www.serhshotels.com\/es\/consulting-management\/","name":"Consulting & management | SERHS Hotels","isPartOf":{"@id":"https:\/\/www.serhshotels.com\/es\/#website"},"datePublished":"2023-01-02T05:12:00+00:00","dateModified":"2023-01-27T16:19:28+00:00","breadcrumb":{"@id":"https:\/\/www.serhshotels.com\/es\/consulting-management\/#breadcrumb"},"inLanguage":"es","potentialAction":[{"@type":"ReadAction","target":["https:\/\/www.serhshotels.com\/es\/consulting-management\/"]}]},{"@type":"BreadcrumbList","@id":"https:\/\/www.serhshotels.com\/es\/consulting-management\/#breadcrumb","itemListElement":[{"@type":"ListItem","position":1,"name":"Inici","item":"https:\/\/www.serhshotels.com\/es\/"},{"@type":"ListItem","position":2,"name":"Consulting &#038; management"}]},{"@type":"WebSite","@id":"https:\/\/www.serhshotels.com\/es\/#website","url":"https:\/\/www.serhshotels.com\/es\/","name":"SERHS Hotels","description":"Moments full of happiness","publisher":{"@id":"https:\/\/www.serhshotels.com\/es\/#organization"},"potentialAction":[{"@type":"SearchAction","target":{"@type":"EntryPoint","urlTemplate":"https:\/\/www.serhshotels.com\/es\/?s={search_term_string}"},"query-input":{"@type":"PropertyValueSpecification","valueRequired":true,"valueName":"search_term_string"}}],"inLanguage":"es"},{"@type":"Organization","@id":"https:\/\/www.serhshotels.com\/es\/#organization","name":"SERHS Hotels","url":"https:\/\/www.serhshotels.com\/es\/","logo":{"@type":"ImageObject","inLanguage":"es","@id":"https:\/\/www.serhshotels.com\/es\/#\/schema\/logo\/image\/","url":"https:\/\/www.serhshotels.com\/wp-content\/uploads\/2023\/02\/logo-serhs-hotels.png","contentUrl":"https:\/\/www.serhshotels.com\/wp-content\/uploads\/2023\/02\/logo-serhs-hotels.png","width":734,"height":250,"caption":"SERHS Hotels"},"image":{"@id":"https:\/\/www.serhshotels.com\/es\/#\/schema\/logo\/image\/"},"sameAs":["https:\/\/www.facebook.com\/hotelsserhs\/","https:\/\/www.instagram.com\/serhshotels\/","https:\/\/es.linkedin.com\/company\/serhshotels","https:\/\/www.youtube.com\/@serhsTV"]}]}},"_links":{"self":[{"href":"https:\/\/www.serhshotels.com\/es\/wp-json\/wp\/v2\/pages\/629","targetHints":{"allow":["GET"]}}],"collection":[{"href":"https:\/\/www.serhshotels.com\/es\/wp-json\/wp\/v2\/pages"}],"about":[{"href":"https:\/\/www.serhshotels.com\/es\/wp-json\/wp\/v2\/types\/page"}],"author":[{"embeddable":true,"href":"https:\/\/www.serhshotels.com\/es\/wp-json\/wp\/v2\/users\/1"}],"replies":[{"embeddable":true,"href":"https:\/\/www.serhshotels.com\/es\/wp-json\/wp\/v2\/comments?post=629"}],"version-history":[{"count":6,"href":"https:\/\/www.serhshotels.com\/es\/wp-json\/wp\/v2\/pages\/629\/revisions"}],"predecessor-version":[{"id":1152,"href":"https:\/\/www.serhshotels.com\/es\/wp-json\/wp\/v2\/pages\/629\/revisions\/1152"}],"wp:attachment":[{"href":"https:\/\/www.serhshotels.com\/es\/wp-json\/wp\/v2\/media?parent=629"}],"curies":[{"name":"wp","href":"https:\/\/api.w.org\/{rel}","templated":true}]}}